{"id":4851,"date":"2025-05-23T17:43:01","date_gmt":"2025-05-23T17:43:01","guid":{"rendered":"http:\/\/ets-laparole.africa\/?post_type=product&#038;p=4851"},"modified":"2025-05-23T17:43:01","modified_gmt":"2025-05-23T17:43:01","slug":"cable-senegal-vgv-ho5vv-f-300-500-v-5x16mm%c2%b2-rigide","status":"publish","type":"product","link":"https:\/\/ets-laparole.africa\/en\/product\/cable-senegal-vgv-ho5vv-f-300-500-v-5x16mm%c2%b2-rigide\/","title":{"rendered":"C\u00e2ble S\u00e9n\u00e9gal VGV HO5VV-F 300\/500 V 5X16mm\u00b2 Rigide"},"content":{"rendered":"","protected":false},"excerpt":{"rendered":"","protected":false},"featured_media":4785,"comment_status":"open","ping_status":"closed","template":"","meta":{"_gspb_post_css":"","content-type":""},"product_brand":[63],"product_cat":[34,33],"product_tag":[64],"class_list":{"0":"post-4851","1":"product","2":"type-product","3":"status-publish","4":"has-post-thumbnail","6":"product_brand-senegal","7":"product_cat-cable","8":"product_cat-ctg","9":"product_tag-lcs","11":"first","12":"outofstock","13":"shipping-taxable","14":"product-type-variable"},"yoast_head":"<!-- This site is optimized with the Yoast SEO plugin v27.3 - https:\/\/yoast.com\/product\/yoast-seo-wordpress\/ -->\n<title>C\u00e2ble S\u00e9n\u00e9gal VGV HO5VV-F 300\/500 V 5X16mm\u00b2 Rigide - La Parole Sarl ( Word of God )<\/title>\n<meta name=\"robots\" content=\"index, follow, max-snippet:-1, max-image-preview:large, max-video-preview:-1\" \/>\n<link rel=\"canonical\" href=\"https:\/\/ets-laparole.africa\/en\/product\/cable-senegal-vgv-ho5vv-f-300-500-v-5x16mm\u00b2-rigide\/\" \/>\n<meta property=\"og:locale\" content=\"en_US\" \/>\n<meta property=\"og:type\" content=\"article\" \/>\n<meta property=\"og:title\" content=\"C\u00e2ble S\u00e9n\u00e9gal VGV HO5VV-F 300\/500 V 5X16mm\u00b2 Rigide - La Parole Sarl ( Word of God )\" \/>\n<meta property=\"og:url\" content=\"https:\/\/ets-laparole.africa\/en\/product\/cable-senegal-vgv-ho5vv-f-300-500-v-5x16mm\u00b2-rigide\/\" \/>\n<meta property=\"og:site_name\" content=\"La Parole Sarl ( Word of God )\" \/>\n<meta property=\"article:publisher\" content=\"https:\/\/www.facebook.com\/profile.php?id=100063522578687\" \/>\n<meta property=\"og:image\" content=\"https:\/\/ets-laparole.africa\/wp-content\/uploads\/2025\/05\/Nouveau-projet-35.png\" \/>\n\t<meta property=\"og:image:width\" content=\"1200\" \/>\n\t<meta property=\"og:image:height\" content=\"800\" \/>\n\t<meta property=\"og:image:type\" content=\"image\/png\" \/>\n<meta name=\"twitter:card\" content=\"summary_large_image\" \/>\n<script type=\"application\/ld+json\" class=\"yoast-schema-graph\">{\"@context\":\"https:\\\/\\\/schema.org\",\"@graph\":[{\"@type\":\"WebPage\",\"@id\":\"https:\\\/\\\/ets-laparole.africa\\\/product\\\/cable-senegal-vgv-ho5vv-f-300-500-v-5x16mm%c2%b2-rigide\\\/\",\"url\":\"https:\\\/\\\/ets-laparole.africa\\\/product\\\/cable-senegal-vgv-ho5vv-f-300-500-v-5x16mm%c2%b2-rigide\\\/\",\"name\":\"C\u00e2ble S\u00e9n\u00e9gal VGV HO5VV-F 300\\\/500 V 5X16mm\u00b2 Rigide - La Parole Sarl ( Word of God )\",\"isPartOf\":{\"@id\":\"https:\\\/\\\/ets-laparole.africa\\\/#website\"},\"primaryImageOfPage\":{\"@id\":\"https:\\\/\\\/ets-laparole.africa\\\/product\\\/cable-senegal-vgv-ho5vv-f-300-500-v-5x16mm%c2%b2-rigide\\\/#primaryimage\"},\"image\":{\"@id\":\"https:\\\/\\\/ets-laparole.africa\\\/product\\\/cable-senegal-vgv-ho5vv-f-300-500-v-5x16mm%c2%b2-rigide\\\/#primaryimage\"},\"thumbnailUrl\":\"https:\\\/\\\/ets-laparole.africa\\\/wp-content\\\/uploads\\\/2025\\\/05\\\/Nouveau-projet-35.png\",\"datePublished\":\"2025-05-23T17:43:01+00:00\",\"breadcrumb\":{\"@id\":\"https:\\\/\\\/ets-laparole.africa\\\/product\\\/cable-senegal-vgv-ho5vv-f-300-500-v-5x16mm%c2%b2-rigide\\\/#breadcrumb\"},\"inLanguage\":\"en-US\",\"potentialAction\":[{\"@type\":\"ReadAction\",\"target\":[\"https:\\\/\\\/ets-laparole.africa\\\/product\\\/cable-senegal-vgv-ho5vv-f-300-500-v-5x16mm%c2%b2-rigide\\\/\"]}]},{\"@type\":\"ImageObject\",\"inLanguage\":\"en-US\",\"@id\":\"https:\\\/\\\/ets-laparole.africa\\\/product\\\/cable-senegal-vgv-ho5vv-f-300-500-v-5x16mm%c2%b2-rigide\\\/#primaryimage\",\"url\":\"https:\\\/\\\/ets-laparole.africa\\\/wp-content\\\/uploads\\\/2025\\\/05\\\/Nouveau-projet-35.png\",\"contentUrl\":\"https:\\\/\\\/ets-laparole.africa\\\/wp-content\\\/uploads\\\/2025\\\/05\\\/Nouveau-projet-35.png\",\"width\":1200,\"height\":800},{\"@type\":\"BreadcrumbList\",\"@id\":\"https:\\\/\\\/ets-laparole.africa\\\/product\\\/cable-senegal-vgv-ho5vv-f-300-500-v-5x16mm%c2%b2-rigide\\\/#breadcrumb\",\"itemListElement\":[{\"@type\":\"ListItem\",\"position\":1,\"name\":\"Accueil\",\"item\":\"https:\\\/\\\/ets-laparole.africa\\\/\"},{\"@type\":\"ListItem\",\"position\":2,\"name\":\"NOS PRODUITS\",\"item\":\"https:\\\/\\\/ets-laparole.africa\\\/nos-produits\\\/\"},{\"@type\":\"ListItem\",\"position\":3,\"name\":\"C\u00e2ble S\u00e9n\u00e9gal VGV HO5VV-F 300\\\/500 V 5X16mm\u00b2 Rigide\"}]},{\"@type\":\"WebSite\",\"@id\":\"https:\\\/\\\/ets-laparole.africa\\\/#website\",\"url\":\"https:\\\/\\\/ets-laparole.africa\\\/\",\"name\":\"La Parole Sarl ( Word of God )\",\"description\":\"Vente des  Mat\u00e9riaux de construction \u00e9lectricit\u00e9-B\u00e2timent-industriel\",\"publisher\":{\"@id\":\"https:\\\/\\\/ets-laparole.africa\\\/#organization\"},\"potentialAction\":[{\"@type\":\"SearchAction\",\"target\":{\"@type\":\"EntryPoint\",\"urlTemplate\":\"https:\\\/\\\/ets-laparole.africa\\\/?s={search_term_string}\"},\"query-input\":{\"@type\":\"PropertyValueSpecification\",\"valueRequired\":true,\"valueName\":\"search_term_string\"}}],\"inLanguage\":\"en-US\"},{\"@type\":\"Organization\",\"@id\":\"https:\\\/\\\/ets-laparole.africa\\\/#organization\",\"name\":\"La Parole Sarl ( Word of God )\",\"url\":\"https:\\\/\\\/ets-laparole.africa\\\/\",\"logo\":{\"@type\":\"ImageObject\",\"inLanguage\":\"en-US\",\"@id\":\"https:\\\/\\\/ets-laparole.africa\\\/#\\\/schema\\\/logo\\\/image\\\/\",\"url\":\"https:\\\/\\\/ets-laparole.africa\\\/wp-content\\\/uploads\\\/2025\\\/11\\\/Nouveau-projet-21.png\",\"contentUrl\":\"https:\\\/\\\/ets-laparole.africa\\\/wp-content\\\/uploads\\\/2025\\\/11\\\/Nouveau-projet-21.png\",\"width\":500,\"height\":500,\"caption\":\"La Parole Sarl ( Word of God )\"},\"image\":{\"@id\":\"https:\\\/\\\/ets-laparole.africa\\\/#\\\/schema\\\/logo\\\/image\\\/\"},\"sameAs\":[\"https:\\\/\\\/www.facebook.com\\\/profile.php?id=100063522578687\",\"https:\\\/\\\/www.tiktok.com\\\/@laparole.electrique\"]}]}<\/script>\n<!-- \/ Yoast SEO plugin. -->","yoast_head_json":{"title":"C\u00e2ble S\u00e9n\u00e9gal VGV HO5VV-F 300\/500 V 5X16mm\u00b2 Rigide - La Parole Sarl ( Word of God )","robots":{"index":"index","follow":"follow","max-snippet":"max-snippet:-1","max-image-preview":"max-image-preview:large","max-video-preview":"max-video-preview:-1"},"canonical":"https:\/\/ets-laparole.africa\/en\/product\/cable-senegal-vgv-ho5vv-f-300-500-v-5x16mm\u00b2-rigide\/","og_locale":"en_US","og_type":"article","og_title":"C\u00e2ble S\u00e9n\u00e9gal VGV HO5VV-F 300\/500 V 5X16mm\u00b2 Rigide - La Parole Sarl ( Word of God )","og_url":"https:\/\/ets-laparole.africa\/en\/product\/cable-senegal-vgv-ho5vv-f-300-500-v-5x16mm\u00b2-rigide\/","og_site_name":"La Parole Sarl ( Word of God )","article_publisher":"https:\/\/www.facebook.com\/profile.php?id=100063522578687","og_image":[{"width":1200,"height":800,"url":"https:\/\/ets-laparole.africa\/wp-content\/uploads\/2025\/05\/Nouveau-projet-35.png","type":"image\/png"}],"twitter_card":"summary_large_image","schema":{"@context":"https:\/\/schema.org","@graph":[{"@type":"WebPage","@id":"https:\/\/ets-laparole.africa\/product\/cable-senegal-vgv-ho5vv-f-300-500-v-5x16mm%c2%b2-rigide\/","url":"https:\/\/ets-laparole.africa\/product\/cable-senegal-vgv-ho5vv-f-300-500-v-5x16mm%c2%b2-rigide\/","name":"C\u00e2ble S\u00e9n\u00e9gal VGV HO5VV-F 300\/500 V 5X16mm\u00b2 Rigide - La Parole Sarl ( Word of God )","isPartOf":{"@id":"https:\/\/ets-laparole.africa\/#website"},"primaryImageOfPage":{"@id":"https:\/\/ets-laparole.africa\/product\/cable-senegal-vgv-ho5vv-f-300-500-v-5x16mm%c2%b2-rigide\/#primaryimage"},"image":{"@id":"https:\/\/ets-laparole.africa\/product\/cable-senegal-vgv-ho5vv-f-300-500-v-5x16mm%c2%b2-rigide\/#primaryimage"},"thumbnailUrl":"https:\/\/ets-laparole.africa\/wp-content\/uploads\/2025\/05\/Nouveau-projet-35.png","datePublished":"2025-05-23T17:43:01+00:00","breadcrumb":{"@id":"https:\/\/ets-laparole.africa\/product\/cable-senegal-vgv-ho5vv-f-300-500-v-5x16mm%c2%b2-rigide\/#breadcrumb"},"inLanguage":"en-US","potentialAction":[{"@type":"ReadAction","target":["https:\/\/ets-laparole.africa\/product\/cable-senegal-vgv-ho5vv-f-300-500-v-5x16mm%c2%b2-rigide\/"]}]},{"@type":"ImageObject","inLanguage":"en-US","@id":"https:\/\/ets-laparole.africa\/product\/cable-senegal-vgv-ho5vv-f-300-500-v-5x16mm%c2%b2-rigide\/#primaryimage","url":"https:\/\/ets-laparole.africa\/wp-content\/uploads\/2025\/05\/Nouveau-projet-35.png","contentUrl":"https:\/\/ets-laparole.africa\/wp-content\/uploads\/2025\/05\/Nouveau-projet-35.png","width":1200,"height":800},{"@type":"BreadcrumbList","@id":"https:\/\/ets-laparole.africa\/product\/cable-senegal-vgv-ho5vv-f-300-500-v-5x16mm%c2%b2-rigide\/#breadcrumb","itemListElement":[{"@type":"ListItem","position":1,"name":"Accueil","item":"https:\/\/ets-laparole.africa\/"},{"@type":"ListItem","position":2,"name":"NOS PRODUITS","item":"https:\/\/ets-laparole.africa\/nos-produits\/"},{"@type":"ListItem","position":3,"name":"C\u00e2ble S\u00e9n\u00e9gal VGV HO5VV-F 300\/500 V 5X16mm\u00b2 Rigide"}]},{"@type":"WebSite","@id":"https:\/\/ets-laparole.africa\/#website","url":"https:\/\/ets-laparole.africa\/","name":"La Parole Sarl ( Word of God )","description":"Vente des  Mat\u00e9riaux de construction \u00e9lectricit\u00e9-B\u00e2timent-industriel","publisher":{"@id":"https:\/\/ets-laparole.africa\/#organization"},"potentialAction":[{"@type":"SearchAction","target":{"@type":"EntryPoint","urlTemplate":"https:\/\/ets-laparole.africa\/?s={search_term_string}"},"query-input":{"@type":"PropertyValueSpecification","valueRequired":true,"valueName":"search_term_string"}}],"inLanguage":"en-US"},{"@type":"Organization","@id":"https:\/\/ets-laparole.africa\/#organization","name":"La Parole Sarl ( Word of God )","url":"https:\/\/ets-laparole.africa\/","logo":{"@type":"ImageObject","inLanguage":"en-US","@id":"https:\/\/ets-laparole.africa\/#\/schema\/logo\/image\/","url":"https:\/\/ets-laparole.africa\/wp-content\/uploads\/2025\/11\/Nouveau-projet-21.png","contentUrl":"https:\/\/ets-laparole.africa\/wp-content\/uploads\/2025\/11\/Nouveau-projet-21.png","width":500,"height":500,"caption":"La Parole Sarl ( Word of God )"},"image":{"@id":"https:\/\/ets-laparole.africa\/#\/schema\/logo\/image\/"},"sameAs":["https:\/\/www.facebook.com\/profile.php?id=100063522578687","https:\/\/www.tiktok.com\/@laparole.electrique"]}]}},"jetpack_sharing_enabled":true,"_links":{"self":[{"href":"https:\/\/ets-laparole.africa\/en\/wp-json\/wp\/v2\/product\/4851","targetHints":{"allow":["GET"]}}],"collection":[{"href":"https:\/\/ets-laparole.africa\/en\/wp-json\/wp\/v2\/product"}],"about":[{"href":"https:\/\/ets-laparole.africa\/en\/wp-json\/wp\/v2\/types\/product"}],"replies":[{"embeddable":true,"href":"https:\/\/ets-laparole.africa\/en\/wp-json\/wp\/v2\/comments?post=4851"}],"wp:featuredmedia":[{"embeddable":true,"href":"https:\/\/ets-laparole.africa\/en\/wp-json\/wp\/v2\/media\/4785"}],"wp:attachment":[{"href":"https:\/\/ets-laparole.africa\/en\/wp-json\/wp\/v2\/media?parent=4851"}],"wp:term":[{"taxonomy":"product_brand","embeddable":true,"href":"https:\/\/ets-laparole.africa\/en\/wp-json\/wp\/v2\/product_brand?post=4851"},{"taxonomy":"product_cat","embeddable":true,"href":"https:\/\/ets-laparole.africa\/en\/wp-json\/wp\/v2\/product_cat?post=4851"},{"taxonomy":"product_tag","embeddable":true,"href":"https:\/\/ets-laparole.africa\/en\/wp-json\/wp\/v2\/product_tag?post=4851"}],"curies":[{"name":"wp","href":"https:\/\/api.w.org\/{rel}","templated":true}]}}