{"id":4367,"date":"2025-04-24T17:26:32","date_gmt":"2025-04-24T17:26:32","guid":{"rendered":"http:\/\/ets-laparole.africa\/?post_type=product&#038;p=4367"},"modified":"2025-12-18T11:55:31","modified_gmt":"2025-12-18T11:55:31","slug":"lustre-led-six-bras-a-trois-couleur-jaune-industriel-et-blanc","status":"publish","type":"product","link":"https:\/\/ets-laparole.africa\/en\/product\/lustre-led-six-bras-a-trois-couleur-jaune-industriel-et-blanc\/","title":{"rendered":"Lustre LED Six Bras \u00e0  trois Couleur Jaune, industriel et Blanc"},"content":{"rendered":"","protected":false},"excerpt":{"rendered":"","protected":false},"featured_media":4365,"comment_status":"open","ping_status":"closed","template":"","meta":{"_gspb_post_css":"","content-type":""},"product_brand":[],"product_cat":[23,25],"product_tag":[],"class_list":{"0":"post-4367","1":"product","2":"type-product","3":"status-publish","4":"has-post-thumbnail","6":"product_cat-alsa","7":"product_cat-lustre","9":"first","10":"instock","11":"shipping-taxable","12":"purchasable","13":"product-type-simple"},"yoast_head":"<!-- This site is optimized with the Yoast SEO plugin v27.3 - https:\/\/yoast.com\/product\/yoast-seo-wordpress\/ -->\n<title>Lustre LED Six Bras \u00e0 trois Couleur Jaune, industriel - La Parole<\/title>\n<meta name=\"description\" content=\"Lustre LED Six Bras \u00e0 trois Couleur Jaune, industriel et Blanc - d\u00e9coration int\u00e9rieure Luminaire R\u00e9glable pour Salon Chambre Couloir ...\" \/>\n<meta name=\"robots\" content=\"index, follow, max-snippet:-1, max-image-preview:large, max-video-preview:-1\" \/>\n<link rel=\"canonical\" href=\"https:\/\/ets-laparole.africa\/en\/product\/lustre-led-six-bras-a-trois-couleur-jaune-industriel-et-blanc\/\" \/>\n<meta property=\"og:locale\" content=\"en_US\" \/>\n<meta property=\"og:type\" content=\"article\" \/>\n<meta property=\"og:title\" content=\"Lustre LED Six Bras \u00e0 trois Couleur Jaune, industriel - La Parole\" \/>\n<meta property=\"og:description\" content=\"Lustre LED Six Bras \u00e0 trois Couleur Jaune, industriel et Blanc - d\u00e9coration int\u00e9rieure Luminaire R\u00e9glable pour Salon Chambre Couloir ...\" \/>\n<meta property=\"og:url\" content=\"https:\/\/ets-laparole.africa\/en\/product\/lustre-led-six-bras-a-trois-couleur-jaune-industriel-et-blanc\/\" \/>\n<meta property=\"og:site_name\" content=\"La Parole Sarl ( Word of God )\" \/>\n<meta property=\"article:publisher\" content=\"https:\/\/www.facebook.com\/profile.php?id=100063522578687\" \/>\n<meta property=\"article:modified_time\" content=\"2025-12-18T11:55:31+00:00\" \/>\n<meta property=\"og:image\" content=\"https:\/\/ets-laparole.africa\/wp-content\/uploads\/2025\/04\/IMG-20250424-WA0030.jpg\" \/>\n\t<meta property=\"og:image:width\" content=\"1193\" \/>\n\t<meta property=\"og:image:height\" content=\"1005\" \/>\n\t<meta property=\"og:image:type\" content=\"image\/jpeg\" \/>\n<meta name=\"twitter:card\" content=\"summary_large_image\" \/>\n<meta name=\"twitter:label1\" content=\"Est. reading time\" \/>\n\t<meta name=\"twitter:data1\" content=\"1 minute\" \/>\n<script type=\"application\/ld+json\" class=\"yoast-schema-graph\">{\"@context\":\"https:\\\/\\\/schema.org\",\"@graph\":[{\"@type\":\"WebPage\",\"@id\":\"https:\\\/\\\/ets-laparole.africa\\\/product\\\/lustre-led-six-bras-a-trois-couleur-jaune-industriel-et-blanc\\\/\",\"url\":\"https:\\\/\\\/ets-laparole.africa\\\/product\\\/lustre-led-six-bras-a-trois-couleur-jaune-industriel-et-blanc\\\/\",\"name\":\"Lustre LED Six Bras \u00e0 trois Couleur Jaune, industriel - La Parole\",\"isPartOf\":{\"@id\":\"https:\\\/\\\/ets-laparole.africa\\\/#website\"},\"primaryImageOfPage\":{\"@id\":\"https:\\\/\\\/ets-laparole.africa\\\/product\\\/lustre-led-six-bras-a-trois-couleur-jaune-industriel-et-blanc\\\/#primaryimage\"},\"image\":{\"@id\":\"https:\\\/\\\/ets-laparole.africa\\\/product\\\/lustre-led-six-bras-a-trois-couleur-jaune-industriel-et-blanc\\\/#primaryimage\"},\"thumbnailUrl\":\"https:\\\/\\\/ets-laparole.africa\\\/wp-content\\\/uploads\\\/2025\\\/04\\\/IMG-20250424-WA0030.jpg\",\"datePublished\":\"2025-04-24T17:26:32+00:00\",\"dateModified\":\"2025-12-18T11:55:31+00:00\",\"description\":\"Lustre LED Six Bras \u00e0 trois Couleur Jaune, industriel et Blanc - d\u00e9coration int\u00e9rieure Luminaire R\u00e9glable pour Salon Chambre Couloir ...\",\"breadcrumb\":{\"@id\":\"https:\\\/\\\/ets-laparole.africa\\\/product\\\/lustre-led-six-bras-a-trois-couleur-jaune-industriel-et-blanc\\\/#breadcrumb\"},\"inLanguage\":\"en-US\",\"potentialAction\":[{\"@type\":\"ReadAction\",\"target\":[\"https:\\\/\\\/ets-laparole.africa\\\/product\\\/lustre-led-six-bras-a-trois-couleur-jaune-industriel-et-blanc\\\/\"]}]},{\"@type\":\"ImageObject\",\"inLanguage\":\"en-US\",\"@id\":\"https:\\\/\\\/ets-laparole.africa\\\/product\\\/lustre-led-six-bras-a-trois-couleur-jaune-industriel-et-blanc\\\/#primaryimage\",\"url\":\"https:\\\/\\\/ets-laparole.africa\\\/wp-content\\\/uploads\\\/2025\\\/04\\\/IMG-20250424-WA0030.jpg\",\"contentUrl\":\"https:\\\/\\\/ets-laparole.africa\\\/wp-content\\\/uploads\\\/2025\\\/04\\\/IMG-20250424-WA0030.jpg\",\"width\":1193,\"height\":1005},{\"@type\":\"BreadcrumbList\",\"@id\":\"https:\\\/\\\/ets-laparole.africa\\\/product\\\/lustre-led-six-bras-a-trois-couleur-jaune-industriel-et-blanc\\\/#breadcrumb\",\"itemListElement\":[{\"@type\":\"ListItem\",\"position\":1,\"name\":\"Accueil\",\"item\":\"https:\\\/\\\/ets-laparole.africa\\\/\"},{\"@type\":\"ListItem\",\"position\":2,\"name\":\"NOS PRODUITS\",\"item\":\"https:\\\/\\\/ets-laparole.africa\\\/nos-produits\\\/\"},{\"@type\":\"ListItem\",\"position\":3,\"name\":\"Lustre LED Six Bras \u00e0 trois Couleur Jaune, industriel et Blanc\"}]},{\"@type\":\"WebSite\",\"@id\":\"https:\\\/\\\/ets-laparole.africa\\\/#website\",\"url\":\"https:\\\/\\\/ets-laparole.africa\\\/\",\"name\":\"La Parole Sarl ( Word of God )\",\"description\":\"Vente des  Mat\u00e9riaux de construction \u00e9lectricit\u00e9-B\u00e2timent-industriel\",\"publisher\":{\"@id\":\"https:\\\/\\\/ets-laparole.africa\\\/#organization\"},\"potentialAction\":[{\"@type\":\"SearchAction\",\"target\":{\"@type\":\"EntryPoint\",\"urlTemplate\":\"https:\\\/\\\/ets-laparole.africa\\\/?s={search_term_string}\"},\"query-input\":{\"@type\":\"PropertyValueSpecification\",\"valueRequired\":true,\"valueName\":\"search_term_string\"}}],\"inLanguage\":\"en-US\"},{\"@type\":\"Organization\",\"@id\":\"https:\\\/\\\/ets-laparole.africa\\\/#organization\",\"name\":\"La Parole Sarl ( Word of God )\",\"url\":\"https:\\\/\\\/ets-laparole.africa\\\/\",\"logo\":{\"@type\":\"ImageObject\",\"inLanguage\":\"en-US\",\"@id\":\"https:\\\/\\\/ets-laparole.africa\\\/#\\\/schema\\\/logo\\\/image\\\/\",\"url\":\"https:\\\/\\\/ets-laparole.africa\\\/wp-content\\\/uploads\\\/2025\\\/11\\\/Nouveau-projet-21.png\",\"contentUrl\":\"https:\\\/\\\/ets-laparole.africa\\\/wp-content\\\/uploads\\\/2025\\\/11\\\/Nouveau-projet-21.png\",\"width\":500,\"height\":500,\"caption\":\"La Parole Sarl ( Word of God )\"},\"image\":{\"@id\":\"https:\\\/\\\/ets-laparole.africa\\\/#\\\/schema\\\/logo\\\/image\\\/\"},\"sameAs\":[\"https:\\\/\\\/www.facebook.com\\\/profile.php?id=100063522578687\",\"https:\\\/\\\/www.tiktok.com\\\/@laparole.electrique\"]}]}<\/script>\n<!-- \/ Yoast SEO plugin. -->","yoast_head_json":{"title":"Lustre LED Six Bras \u00e0 trois Couleur Jaune, industriel - La Parole","description":"Lustre LED Six Bras \u00e0 trois Couleur Jaune, industriel et Blanc - d\u00e9coration int\u00e9rieure Luminaire R\u00e9glable pour Salon Chambre Couloir ...","robots":{"index":"index","follow":"follow","max-snippet":"max-snippet:-1","max-image-preview":"max-image-preview:large","max-video-preview":"max-video-preview:-1"},"canonical":"https:\/\/ets-laparole.africa\/en\/product\/lustre-led-six-bras-a-trois-couleur-jaune-industriel-et-blanc\/","og_locale":"en_US","og_type":"article","og_title":"Lustre LED Six Bras \u00e0 trois Couleur Jaune, industriel - La Parole","og_description":"Lustre LED Six Bras \u00e0 trois Couleur Jaune, industriel et Blanc - d\u00e9coration int\u00e9rieure Luminaire R\u00e9glable pour Salon Chambre Couloir ...","og_url":"https:\/\/ets-laparole.africa\/en\/product\/lustre-led-six-bras-a-trois-couleur-jaune-industriel-et-blanc\/","og_site_name":"La Parole Sarl ( Word of God )","article_publisher":"https:\/\/www.facebook.com\/profile.php?id=100063522578687","article_modified_time":"2025-12-18T11:55:31+00:00","og_image":[{"width":1193,"height":1005,"url":"https:\/\/ets-laparole.africa\/wp-content\/uploads\/2025\/04\/IMG-20250424-WA0030.jpg","type":"image\/jpeg"}],"twitter_card":"summary_large_image","twitter_misc":{"Est. reading time":"1 minute"},"schema":{"@context":"https:\/\/schema.org","@graph":[{"@type":"WebPage","@id":"https:\/\/ets-laparole.africa\/product\/lustre-led-six-bras-a-trois-couleur-jaune-industriel-et-blanc\/","url":"https:\/\/ets-laparole.africa\/product\/lustre-led-six-bras-a-trois-couleur-jaune-industriel-et-blanc\/","name":"Lustre LED Six Bras \u00e0 trois Couleur Jaune, industriel - La Parole","isPartOf":{"@id":"https:\/\/ets-laparole.africa\/#website"},"primaryImageOfPage":{"@id":"https:\/\/ets-laparole.africa\/product\/lustre-led-six-bras-a-trois-couleur-jaune-industriel-et-blanc\/#primaryimage"},"image":{"@id":"https:\/\/ets-laparole.africa\/product\/lustre-led-six-bras-a-trois-couleur-jaune-industriel-et-blanc\/#primaryimage"},"thumbnailUrl":"https:\/\/ets-laparole.africa\/wp-content\/uploads\/2025\/04\/IMG-20250424-WA0030.jpg","datePublished":"2025-04-24T17:26:32+00:00","dateModified":"2025-12-18T11:55:31+00:00","description":"Lustre LED Six Bras \u00e0 trois Couleur Jaune, industriel et Blanc - d\u00e9coration int\u00e9rieure Luminaire R\u00e9glable pour Salon Chambre Couloir ...","breadcrumb":{"@id":"https:\/\/ets-laparole.africa\/product\/lustre-led-six-bras-a-trois-couleur-jaune-industriel-et-blanc\/#breadcrumb"},"inLanguage":"en-US","potentialAction":[{"@type":"ReadAction","target":["https:\/\/ets-laparole.africa\/product\/lustre-led-six-bras-a-trois-couleur-jaune-industriel-et-blanc\/"]}]},{"@type":"ImageObject","inLanguage":"en-US","@id":"https:\/\/ets-laparole.africa\/product\/lustre-led-six-bras-a-trois-couleur-jaune-industriel-et-blanc\/#primaryimage","url":"https:\/\/ets-laparole.africa\/wp-content\/uploads\/2025\/04\/IMG-20250424-WA0030.jpg","contentUrl":"https:\/\/ets-laparole.africa\/wp-content\/uploads\/2025\/04\/IMG-20250424-WA0030.jpg","width":1193,"height":1005},{"@type":"BreadcrumbList","@id":"https:\/\/ets-laparole.africa\/product\/lustre-led-six-bras-a-trois-couleur-jaune-industriel-et-blanc\/#breadcrumb","itemListElement":[{"@type":"ListItem","position":1,"name":"Accueil","item":"https:\/\/ets-laparole.africa\/"},{"@type":"ListItem","position":2,"name":"NOS PRODUITS","item":"https:\/\/ets-laparole.africa\/nos-produits\/"},{"@type":"ListItem","position":3,"name":"Lustre LED Six Bras \u00e0 trois Couleur Jaune, industriel et Blanc"}]},{"@type":"WebSite","@id":"https:\/\/ets-laparole.africa\/#website","url":"https:\/\/ets-laparole.africa\/","name":"La Parole Sarl ( Word of God )","description":"Vente des  Mat\u00e9riaux de construction \u00e9lectricit\u00e9-B\u00e2timent-industriel","publisher":{"@id":"https:\/\/ets-laparole.africa\/#organization"},"potentialAction":[{"@type":"SearchAction","target":{"@type":"EntryPoint","urlTemplate":"https:\/\/ets-laparole.africa\/?s={search_term_string}"},"query-input":{"@type":"PropertyValueSpecification","valueRequired":true,"valueName":"search_term_string"}}],"inLanguage":"en-US"},{"@type":"Organization","@id":"https:\/\/ets-laparole.africa\/#organization","name":"La Parole Sarl ( Word of God )","url":"https:\/\/ets-laparole.africa\/","logo":{"@type":"ImageObject","inLanguage":"en-US","@id":"https:\/\/ets-laparole.africa\/#\/schema\/logo\/image\/","url":"https:\/\/ets-laparole.africa\/wp-content\/uploads\/2025\/11\/Nouveau-projet-21.png","contentUrl":"https:\/\/ets-laparole.africa\/wp-content\/uploads\/2025\/11\/Nouveau-projet-21.png","width":500,"height":500,"caption":"La Parole Sarl ( Word of God )"},"image":{"@id":"https:\/\/ets-laparole.africa\/#\/schema\/logo\/image\/"},"sameAs":["https:\/\/www.facebook.com\/profile.php?id=100063522578687","https:\/\/www.tiktok.com\/@laparole.electrique"]}]}},"jetpack_sharing_enabled":true,"_links":{"self":[{"href":"https:\/\/ets-laparole.africa\/en\/wp-json\/wp\/v2\/product\/4367","targetHints":{"allow":["GET"]}}],"collection":[{"href":"https:\/\/ets-laparole.africa\/en\/wp-json\/wp\/v2\/product"}],"about":[{"href":"https:\/\/ets-laparole.africa\/en\/wp-json\/wp\/v2\/types\/product"}],"replies":[{"embeddable":true,"href":"https:\/\/ets-laparole.africa\/en\/wp-json\/wp\/v2\/comments?post=4367"}],"wp:featuredmedia":[{"embeddable":true,"href":"https:\/\/ets-laparole.africa\/en\/wp-json\/wp\/v2\/media\/4365"}],"wp:attachment":[{"href":"https:\/\/ets-laparole.africa\/en\/wp-json\/wp\/v2\/media?parent=4367"}],"wp:term":[{"taxonomy":"product_brand","embeddable":true,"href":"https:\/\/ets-laparole.africa\/en\/wp-json\/wp\/v2\/product_brand?post=4367"},{"taxonomy":"product_cat","embeddable":true,"href":"https:\/\/ets-laparole.africa\/en\/wp-json\/wp\/v2\/product_cat?post=4367"},{"taxonomy":"product_tag","embeddable":true,"href":"https:\/\/ets-laparole.africa\/en\/wp-json\/wp\/v2\/product_tag?post=4367"}],"curies":[{"name":"wp","href":"https:\/\/api.w.org\/{rel}","templated":true}]}}