{"id":4315,"date":"2025-04-23T12:50:56","date_gmt":"2025-04-23T12:50:56","guid":{"rendered":"http:\/\/ets-laparole.africa\/?post_type=product&#038;p=4315"},"modified":"2025-11-06T14:23:08","modified_gmt":"2025-11-06T14:23:08","slug":"plafonnier-led-avec-controle-de-teinte-3-couleurs-contour-blanc","status":"publish","type":"product","link":"https:\/\/ets-laparole.africa\/en\/product\/plafonnier-led-avec-controle-de-teinte-3-couleurs-contour-blanc\/","title":{"rendered":"Plafonnier LED avec contr\u00f4le de teinte 3 Couleurs Contour  blanc"},"content":{"rendered":"","protected":false},"excerpt":{"rendered":"","protected":false},"featured_media":4319,"comment_status":"open","ping_status":"closed","template":"","meta":{"_gspb_post_css":"","content-type":""},"product_brand":[],"product_cat":[28,75],"product_tag":[],"class_list":{"0":"post-4315","1":"product","2":"type-product","3":"status-publish","4":"has-post-thumbnail","6":"product_cat-cigb","7":"product_cat-globe","9":"first","10":"instock","11":"shipping-taxable","12":"purchasable","13":"product-type-simple"},"yoast_head":"<!-- This site is optimized with the Yoast SEO plugin v27.3 - https:\/\/yoast.com\/product\/yoast-seo-wordpress\/ -->\n<title>Plafonnier LED avec contr\u00f4le de teinte 3 Couleurs Contour blanc - La Parole Sarl ( Word of God )<\/title>\n<meta name=\"description\" content=\"Plafonnier LED avec contr\u00f4le de teinte 3 Couleurs Contour blanc - La Parole Sarl (Word of God)-Lom\u00e9-Togo- Mat\u00e9riaux de construction \u00e9lectricit\u00e9-B\u00e2timent\" \/>\n<meta name=\"robots\" content=\"index, follow, max-snippet:-1, max-image-preview:large, max-video-preview:-1\" \/>\n<link rel=\"canonical\" href=\"https:\/\/ets-laparole.africa\/en\/product\/plafonnier-led-avec-controle-de-teinte-3-couleurs-contour-blanc\/\" \/>\n<meta property=\"og:locale\" content=\"en_US\" \/>\n<meta property=\"og:type\" content=\"article\" \/>\n<meta property=\"og:title\" content=\"Plafonnier LED avec contr\u00f4le de teinte 3 Couleurs Contour blanc - La Parole Sarl ( Word of God )\" \/>\n<meta property=\"og:description\" content=\"Plafonnier LED avec contr\u00f4le de teinte 3 Couleurs Contour blanc - La Parole Sarl (Word of God)-Lom\u00e9-Togo- Mat\u00e9riaux de construction \u00e9lectricit\u00e9-B\u00e2timent\" \/>\n<meta property=\"og:url\" content=\"https:\/\/ets-laparole.africa\/en\/product\/plafonnier-led-avec-controle-de-teinte-3-couleurs-contour-blanc\/\" \/>\n<meta property=\"og:site_name\" content=\"La Parole Sarl ( Word of God )\" \/>\n<meta property=\"article:publisher\" content=\"https:\/\/www.facebook.com\/profile.php?id=100063522578687\" \/>\n<meta property=\"article:modified_time\" content=\"2025-11-06T14:23:08+00:00\" \/>\n<meta property=\"og:image\" content=\"https:\/\/ets-laparole.africa\/wp-content\/uploads\/2025\/04\/plafonnier-led-koe-smart-36w-acb-2.jpg\" \/>\n\t<meta property=\"og:image:width\" content=\"1000\" \/>\n\t<meta property=\"og:image:height\" content=\"1000\" \/>\n\t<meta property=\"og:image:type\" content=\"image\/jpeg\" \/>\n<meta name=\"twitter:card\" content=\"summary_large_image\" \/>\n<script type=\"application\/ld+json\" class=\"yoast-schema-graph\">{\"@context\":\"https:\\\/\\\/schema.org\",\"@graph\":[{\"@type\":\"WebPage\",\"@id\":\"https:\\\/\\\/ets-laparole.africa\\\/product\\\/plafonnier-led-avec-controle-de-teinte-3-couleurs-contour-blanc\\\/\",\"url\":\"https:\\\/\\\/ets-laparole.africa\\\/product\\\/plafonnier-led-avec-controle-de-teinte-3-couleurs-contour-blanc\\\/\",\"name\":\"Plafonnier LED avec contr\u00f4le de teinte 3 Couleurs Contour blanc - La Parole Sarl ( Word of God )\",\"isPartOf\":{\"@id\":\"https:\\\/\\\/ets-laparole.africa\\\/#website\"},\"primaryImageOfPage\":{\"@id\":\"https:\\\/\\\/ets-laparole.africa\\\/product\\\/plafonnier-led-avec-controle-de-teinte-3-couleurs-contour-blanc\\\/#primaryimage\"},\"image\":{\"@id\":\"https:\\\/\\\/ets-laparole.africa\\\/product\\\/plafonnier-led-avec-controle-de-teinte-3-couleurs-contour-blanc\\\/#primaryimage\"},\"thumbnailUrl\":\"https:\\\/\\\/ets-laparole.africa\\\/wp-content\\\/uploads\\\/2025\\\/04\\\/plafonnier-led-koe-smart-36w-acb-2.jpg\",\"datePublished\":\"2025-04-23T12:50:56+00:00\",\"dateModified\":\"2025-11-06T14:23:08+00:00\",\"description\":\"Plafonnier LED avec contr\u00f4le de teinte 3 Couleurs Contour blanc - La Parole Sarl (Word of God)-Lom\u00e9-Togo- Mat\u00e9riaux de construction \u00e9lectricit\u00e9-B\u00e2timent\",\"breadcrumb\":{\"@id\":\"https:\\\/\\\/ets-laparole.africa\\\/product\\\/plafonnier-led-avec-controle-de-teinte-3-couleurs-contour-blanc\\\/#breadcrumb\"},\"inLanguage\":\"en-US\",\"potentialAction\":[{\"@type\":\"ReadAction\",\"target\":[\"https:\\\/\\\/ets-laparole.africa\\\/product\\\/plafonnier-led-avec-controle-de-teinte-3-couleurs-contour-blanc\\\/\"]}]},{\"@type\":\"ImageObject\",\"inLanguage\":\"en-US\",\"@id\":\"https:\\\/\\\/ets-laparole.africa\\\/product\\\/plafonnier-led-avec-controle-de-teinte-3-couleurs-contour-blanc\\\/#primaryimage\",\"url\":\"https:\\\/\\\/ets-laparole.africa\\\/wp-content\\\/uploads\\\/2025\\\/04\\\/plafonnier-led-koe-smart-36w-acb-2.jpg\",\"contentUrl\":\"https:\\\/\\\/ets-laparole.africa\\\/wp-content\\\/uploads\\\/2025\\\/04\\\/plafonnier-led-koe-smart-36w-acb-2.jpg\",\"width\":1000,\"height\":1000},{\"@type\":\"BreadcrumbList\",\"@id\":\"https:\\\/\\\/ets-laparole.africa\\\/product\\\/plafonnier-led-avec-controle-de-teinte-3-couleurs-contour-blanc\\\/#breadcrumb\",\"itemListElement\":[{\"@type\":\"ListItem\",\"position\":1,\"name\":\"Accueil\",\"item\":\"https:\\\/\\\/ets-laparole.africa\\\/\"},{\"@type\":\"ListItem\",\"position\":2,\"name\":\"NOS PRODUITS\",\"item\":\"https:\\\/\\\/ets-laparole.africa\\\/nos-produits\\\/\"},{\"@type\":\"ListItem\",\"position\":3,\"name\":\"Plafonnier LED avec contr\u00f4le de teinte 3 Couleurs Contour blanc\"}]},{\"@type\":\"WebSite\",\"@id\":\"https:\\\/\\\/ets-laparole.africa\\\/#website\",\"url\":\"https:\\\/\\\/ets-laparole.africa\\\/\",\"name\":\"La Parole Sarl ( Word of God )\",\"description\":\"Vente des  Mat\u00e9riaux de construction \u00e9lectricit\u00e9-B\u00e2timent-industriel\",\"publisher\":{\"@id\":\"https:\\\/\\\/ets-laparole.africa\\\/#organization\"},\"potentialAction\":[{\"@type\":\"SearchAction\",\"target\":{\"@type\":\"EntryPoint\",\"urlTemplate\":\"https:\\\/\\\/ets-laparole.africa\\\/?s={search_term_string}\"},\"query-input\":{\"@type\":\"PropertyValueSpecification\",\"valueRequired\":true,\"valueName\":\"search_term_string\"}}],\"inLanguage\":\"en-US\"},{\"@type\":\"Organization\",\"@id\":\"https:\\\/\\\/ets-laparole.africa\\\/#organization\",\"name\":\"La Parole Sarl ( Word of God )\",\"url\":\"https:\\\/\\\/ets-laparole.africa\\\/\",\"logo\":{\"@type\":\"ImageObject\",\"inLanguage\":\"en-US\",\"@id\":\"https:\\\/\\\/ets-laparole.africa\\\/#\\\/schema\\\/logo\\\/image\\\/\",\"url\":\"https:\\\/\\\/ets-laparole.africa\\\/wp-content\\\/uploads\\\/2025\\\/11\\\/Nouveau-projet-21.png\",\"contentUrl\":\"https:\\\/\\\/ets-laparole.africa\\\/wp-content\\\/uploads\\\/2025\\\/11\\\/Nouveau-projet-21.png\",\"width\":500,\"height\":500,\"caption\":\"La Parole Sarl ( Word of God )\"},\"image\":{\"@id\":\"https:\\\/\\\/ets-laparole.africa\\\/#\\\/schema\\\/logo\\\/image\\\/\"},\"sameAs\":[\"https:\\\/\\\/www.facebook.com\\\/profile.php?id=100063522578687\",\"https:\\\/\\\/www.tiktok.com\\\/@laparole.electrique\"]}]}<\/script>\n<!-- \/ Yoast SEO plugin. -->","yoast_head_json":{"title":"Plafonnier LED avec contr\u00f4le de teinte 3 Couleurs Contour blanc - La Parole Sarl ( Word of God )","description":"Plafonnier LED avec contr\u00f4le de teinte 3 Couleurs Contour blanc - La Parole Sarl (Word of God)-Lom\u00e9-Togo- Mat\u00e9riaux de construction \u00e9lectricit\u00e9-B\u00e2timent","robots":{"index":"index","follow":"follow","max-snippet":"max-snippet:-1","max-image-preview":"max-image-preview:large","max-video-preview":"max-video-preview:-1"},"canonical":"https:\/\/ets-laparole.africa\/en\/product\/plafonnier-led-avec-controle-de-teinte-3-couleurs-contour-blanc\/","og_locale":"en_US","og_type":"article","og_title":"Plafonnier LED avec contr\u00f4le de teinte 3 Couleurs Contour blanc - La Parole Sarl ( Word of God )","og_description":"Plafonnier LED avec contr\u00f4le de teinte 3 Couleurs Contour blanc - La Parole Sarl (Word of God)-Lom\u00e9-Togo- Mat\u00e9riaux de construction \u00e9lectricit\u00e9-B\u00e2timent","og_url":"https:\/\/ets-laparole.africa\/en\/product\/plafonnier-led-avec-controle-de-teinte-3-couleurs-contour-blanc\/","og_site_name":"La Parole Sarl ( Word of God )","article_publisher":"https:\/\/www.facebook.com\/profile.php?id=100063522578687","article_modified_time":"2025-11-06T14:23:08+00:00","og_image":[{"width":1000,"height":1000,"url":"https:\/\/ets-laparole.africa\/wp-content\/uploads\/2025\/04\/plafonnier-led-koe-smart-36w-acb-2.jpg","type":"image\/jpeg"}],"twitter_card":"summary_large_image","schema":{"@context":"https:\/\/schema.org","@graph":[{"@type":"WebPage","@id":"https:\/\/ets-laparole.africa\/product\/plafonnier-led-avec-controle-de-teinte-3-couleurs-contour-blanc\/","url":"https:\/\/ets-laparole.africa\/product\/plafonnier-led-avec-controle-de-teinte-3-couleurs-contour-blanc\/","name":"Plafonnier LED avec contr\u00f4le de teinte 3 Couleurs Contour blanc - La Parole Sarl ( Word of God )","isPartOf":{"@id":"https:\/\/ets-laparole.africa\/#website"},"primaryImageOfPage":{"@id":"https:\/\/ets-laparole.africa\/product\/plafonnier-led-avec-controle-de-teinte-3-couleurs-contour-blanc\/#primaryimage"},"image":{"@id":"https:\/\/ets-laparole.africa\/product\/plafonnier-led-avec-controle-de-teinte-3-couleurs-contour-blanc\/#primaryimage"},"thumbnailUrl":"https:\/\/ets-laparole.africa\/wp-content\/uploads\/2025\/04\/plafonnier-led-koe-smart-36w-acb-2.jpg","datePublished":"2025-04-23T12:50:56+00:00","dateModified":"2025-11-06T14:23:08+00:00","description":"Plafonnier LED avec contr\u00f4le de teinte 3 Couleurs Contour blanc - La Parole Sarl (Word of God)-Lom\u00e9-Togo- Mat\u00e9riaux de construction \u00e9lectricit\u00e9-B\u00e2timent","breadcrumb":{"@id":"https:\/\/ets-laparole.africa\/product\/plafonnier-led-avec-controle-de-teinte-3-couleurs-contour-blanc\/#breadcrumb"},"inLanguage":"en-US","potentialAction":[{"@type":"ReadAction","target":["https:\/\/ets-laparole.africa\/product\/plafonnier-led-avec-controle-de-teinte-3-couleurs-contour-blanc\/"]}]},{"@type":"ImageObject","inLanguage":"en-US","@id":"https:\/\/ets-laparole.africa\/product\/plafonnier-led-avec-controle-de-teinte-3-couleurs-contour-blanc\/#primaryimage","url":"https:\/\/ets-laparole.africa\/wp-content\/uploads\/2025\/04\/plafonnier-led-koe-smart-36w-acb-2.jpg","contentUrl":"https:\/\/ets-laparole.africa\/wp-content\/uploads\/2025\/04\/plafonnier-led-koe-smart-36w-acb-2.jpg","width":1000,"height":1000},{"@type":"BreadcrumbList","@id":"https:\/\/ets-laparole.africa\/product\/plafonnier-led-avec-controle-de-teinte-3-couleurs-contour-blanc\/#breadcrumb","itemListElement":[{"@type":"ListItem","position":1,"name":"Accueil","item":"https:\/\/ets-laparole.africa\/"},{"@type":"ListItem","position":2,"name":"NOS PRODUITS","item":"https:\/\/ets-laparole.africa\/nos-produits\/"},{"@type":"ListItem","position":3,"name":"Plafonnier LED avec contr\u00f4le de teinte 3 Couleurs Contour blanc"}]},{"@type":"WebSite","@id":"https:\/\/ets-laparole.africa\/#website","url":"https:\/\/ets-laparole.africa\/","name":"La Parole Sarl ( Word of God )","description":"Vente des  Mat\u00e9riaux de construction \u00e9lectricit\u00e9-B\u00e2timent-industriel","publisher":{"@id":"https:\/\/ets-laparole.africa\/#organization"},"potentialAction":[{"@type":"SearchAction","target":{"@type":"EntryPoint","urlTemplate":"https:\/\/ets-laparole.africa\/?s={search_term_string}"},"query-input":{"@type":"PropertyValueSpecification","valueRequired":true,"valueName":"search_term_string"}}],"inLanguage":"en-US"},{"@type":"Organization","@id":"https:\/\/ets-laparole.africa\/#organization","name":"La Parole Sarl ( Word of God )","url":"https:\/\/ets-laparole.africa\/","logo":{"@type":"ImageObject","inLanguage":"en-US","@id":"https:\/\/ets-laparole.africa\/#\/schema\/logo\/image\/","url":"https:\/\/ets-laparole.africa\/wp-content\/uploads\/2025\/11\/Nouveau-projet-21.png","contentUrl":"https:\/\/ets-laparole.africa\/wp-content\/uploads\/2025\/11\/Nouveau-projet-21.png","width":500,"height":500,"caption":"La Parole Sarl ( Word of God )"},"image":{"@id":"https:\/\/ets-laparole.africa\/#\/schema\/logo\/image\/"},"sameAs":["https:\/\/www.facebook.com\/profile.php?id=100063522578687","https:\/\/www.tiktok.com\/@laparole.electrique"]}]}},"jetpack_sharing_enabled":true,"_links":{"self":[{"href":"https:\/\/ets-laparole.africa\/en\/wp-json\/wp\/v2\/product\/4315","targetHints":{"allow":["GET"]}}],"collection":[{"href":"https:\/\/ets-laparole.africa\/en\/wp-json\/wp\/v2\/product"}],"about":[{"href":"https:\/\/ets-laparole.africa\/en\/wp-json\/wp\/v2\/types\/product"}],"replies":[{"embeddable":true,"href":"https:\/\/ets-laparole.africa\/en\/wp-json\/wp\/v2\/comments?post=4315"}],"wp:featuredmedia":[{"embeddable":true,"href":"https:\/\/ets-laparole.africa\/en\/wp-json\/wp\/v2\/media\/4319"}],"wp:attachment":[{"href":"https:\/\/ets-laparole.africa\/en\/wp-json\/wp\/v2\/media?parent=4315"}],"wp:term":[{"taxonomy":"product_brand","embeddable":true,"href":"https:\/\/ets-laparole.africa\/en\/wp-json\/wp\/v2\/product_brand?post=4315"},{"taxonomy":"product_cat","embeddable":true,"href":"https:\/\/ets-laparole.africa\/en\/wp-json\/wp\/v2\/product_cat?post=4315"},{"taxonomy":"product_tag","embeddable":true,"href":"https:\/\/ets-laparole.africa\/en\/wp-json\/wp\/v2\/product_tag?post=4315"}],"curies":[{"name":"wp","href":"https:\/\/api.w.org\/{rel}","templated":true}]}}