{"id":3741,"date":"2025-03-28T12:48:18","date_gmt":"2025-03-28T12:48:18","guid":{"rendered":"http:\/\/ets-laparole.africa\/?post_type=product&#038;p=3741"},"modified":"2025-11-04T11:21:55","modified_gmt":"2025-11-04T11:21:55","slug":"prise-de-television-blanc","status":"publish","type":"product","link":"https:\/\/ets-laparole.africa\/en\/product\/prise-de-television-blanc\/","title":{"rendered":"Prise de t\u00e9l\u00e9vision Blanc"},"content":{"rendered":"","protected":false},"excerpt":{"rendered":"<table class=\"table characteristics x m-0\">\n<thead>\n<tr>\n<th class=\"characteristics__title\" colspan=\"2\" scope=\"col\">APPLICATION<\/th>\n<\/tr>\n<\/thead>\n<tbody>\n<tr>\n<td colspan=\"2\" scope=\"col\" width=\"0\">\u00c9tablir le signal d&#8217;antenne pour t\u00e9l\u00e9viseur.<\/td>\n<\/tr>\n<\/tbody>\n<\/table>","protected":false},"featured_media":3742,"comment_status":"open","ping_status":"closed","template":"","meta":{"_gspb_post_css":"","content-type":""},"product_brand":[56],"product_cat":[28,40],"product_tag":[57],"class_list":{"0":"post-3741","1":"product","2":"type-product","3":"status-publish","4":"has-post-thumbnail","6":"product_brand-l-a-p","7":"product_cat-cigb","8":"product_cat-prise","9":"product_tag-l-a-p","11":"first","12":"instock","13":"shipping-taxable","14":"purchasable","15":"product-type-simple"},"yoast_head":"<!-- This site is optimized with the Yoast SEO plugin v27.3 - https:\/\/yoast.com\/product\/yoast-seo-wordpress\/ -->\n<title>Prise de t\u00e9l\u00e9vision Blanc - La Parole Sarl ( Word of God )<\/title>\n<meta name=\"description\" content=\"Prise de t\u00e9l\u00e9vision Blanc - La Parole Sarl (Word of God)-Lom\u00e9-Togo- Mat\u00e9riaux de construction \u00e9lectricit\u00e9-B\u00e2timent-industriel\" \/>\n<meta name=\"robots\" content=\"index, follow, max-snippet:-1, max-image-preview:large, max-video-preview:-1\" \/>\n<link rel=\"canonical\" href=\"https:\/\/ets-laparole.africa\/en\/product\/prise-de-television-blanc\/\" \/>\n<meta property=\"og:locale\" content=\"en_US\" \/>\n<meta property=\"og:type\" content=\"article\" \/>\n<meta property=\"og:title\" content=\"Prise de t\u00e9l\u00e9vision Blanc - La Parole Sarl ( Word of God )\" \/>\n<meta property=\"og:description\" content=\"Prise de t\u00e9l\u00e9vision Blanc - La Parole Sarl (Word of God)-Lom\u00e9-Togo- Mat\u00e9riaux de construction \u00e9lectricit\u00e9-B\u00e2timent-industriel\" \/>\n<meta property=\"og:url\" content=\"https:\/\/ets-laparole.africa\/en\/product\/prise-de-television-blanc\/\" \/>\n<meta property=\"og:site_name\" content=\"La Parole Sarl ( Word of God )\" \/>\n<meta property=\"article:publisher\" content=\"https:\/\/www.facebook.com\/profile.php?id=100063522578687\" \/>\n<meta property=\"article:modified_time\" content=\"2025-11-04T11:21:55+00:00\" \/>\n<meta property=\"og:image\" content=\"https:\/\/ets-laparole.africa\/wp-content\/uploads\/2025\/03\/20223-Prise-de-television-Blanc-1.webp\" \/>\n\t<meta property=\"og:image:width\" content=\"700\" \/>\n\t<meta property=\"og:image:height\" content=\"800\" \/>\n\t<meta property=\"og:image:type\" content=\"image\/webp\" \/>\n<meta name=\"twitter:card\" content=\"summary_large_image\" \/>\n<script type=\"application\/ld+json\" class=\"yoast-schema-graph\">{\"@context\":\"https:\\\/\\\/schema.org\",\"@graph\":[{\"@type\":\"WebPage\",\"@id\":\"https:\\\/\\\/ets-laparole.africa\\\/product\\\/prise-de-television-blanc\\\/\",\"url\":\"https:\\\/\\\/ets-laparole.africa\\\/product\\\/prise-de-television-blanc\\\/\",\"name\":\"Prise de t\u00e9l\u00e9vision Blanc - La Parole Sarl ( Word of God )\",\"isPartOf\":{\"@id\":\"https:\\\/\\\/ets-laparole.africa\\\/#website\"},\"primaryImageOfPage\":{\"@id\":\"https:\\\/\\\/ets-laparole.africa\\\/product\\\/prise-de-television-blanc\\\/#primaryimage\"},\"image\":{\"@id\":\"https:\\\/\\\/ets-laparole.africa\\\/product\\\/prise-de-television-blanc\\\/#primaryimage\"},\"thumbnailUrl\":\"https:\\\/\\\/ets-laparole.africa\\\/wp-content\\\/uploads\\\/2025\\\/03\\\/20223-Prise-de-television-Blanc-1.webp\",\"datePublished\":\"2025-03-28T12:48:18+00:00\",\"dateModified\":\"2025-11-04T11:21:55+00:00\",\"description\":\"Prise de t\u00e9l\u00e9vision Blanc - La Parole Sarl (Word of God)-Lom\u00e9-Togo- Mat\u00e9riaux de construction \u00e9lectricit\u00e9-B\u00e2timent-industriel\",\"breadcrumb\":{\"@id\":\"https:\\\/\\\/ets-laparole.africa\\\/product\\\/prise-de-television-blanc\\\/#breadcrumb\"},\"inLanguage\":\"en-US\",\"potentialAction\":[{\"@type\":\"ReadAction\",\"target\":[\"https:\\\/\\\/ets-laparole.africa\\\/product\\\/prise-de-television-blanc\\\/\"]}]},{\"@type\":\"ImageObject\",\"inLanguage\":\"en-US\",\"@id\":\"https:\\\/\\\/ets-laparole.africa\\\/product\\\/prise-de-television-blanc\\\/#primaryimage\",\"url\":\"https:\\\/\\\/ets-laparole.africa\\\/wp-content\\\/uploads\\\/2025\\\/03\\\/20223-Prise-de-television-Blanc-1.webp\",\"contentUrl\":\"https:\\\/\\\/ets-laparole.africa\\\/wp-content\\\/uploads\\\/2025\\\/03\\\/20223-Prise-de-television-Blanc-1.webp\",\"width\":700,\"height\":800},{\"@type\":\"BreadcrumbList\",\"@id\":\"https:\\\/\\\/ets-laparole.africa\\\/product\\\/prise-de-television-blanc\\\/#breadcrumb\",\"itemListElement\":[{\"@type\":\"ListItem\",\"position\":1,\"name\":\"Accueil\",\"item\":\"https:\\\/\\\/ets-laparole.africa\\\/\"},{\"@type\":\"ListItem\",\"position\":2,\"name\":\"NOS PRODUITS\",\"item\":\"https:\\\/\\\/ets-laparole.africa\\\/nos-produits\\\/\"},{\"@type\":\"ListItem\",\"position\":3,\"name\":\"Prise de t\u00e9l\u00e9vision Blanc\"}]},{\"@type\":\"WebSite\",\"@id\":\"https:\\\/\\\/ets-laparole.africa\\\/#website\",\"url\":\"https:\\\/\\\/ets-laparole.africa\\\/\",\"name\":\"La Parole Sarl ( Word of God )\",\"description\":\"Vente des  Mat\u00e9riaux de construction \u00e9lectricit\u00e9-B\u00e2timent-industriel\",\"publisher\":{\"@id\":\"https:\\\/\\\/ets-laparole.africa\\\/#organization\"},\"potentialAction\":[{\"@type\":\"SearchAction\",\"target\":{\"@type\":\"EntryPoint\",\"urlTemplate\":\"https:\\\/\\\/ets-laparole.africa\\\/?s={search_term_string}\"},\"query-input\":{\"@type\":\"PropertyValueSpecification\",\"valueRequired\":true,\"valueName\":\"search_term_string\"}}],\"inLanguage\":\"en-US\"},{\"@type\":\"Organization\",\"@id\":\"https:\\\/\\\/ets-laparole.africa\\\/#organization\",\"name\":\"La Parole Sarl ( Word of God )\",\"url\":\"https:\\\/\\\/ets-laparole.africa\\\/\",\"logo\":{\"@type\":\"ImageObject\",\"inLanguage\":\"en-US\",\"@id\":\"https:\\\/\\\/ets-laparole.africa\\\/#\\\/schema\\\/logo\\\/image\\\/\",\"url\":\"https:\\\/\\\/ets-laparole.africa\\\/wp-content\\\/uploads\\\/2025\\\/11\\\/Nouveau-projet-21.png\",\"contentUrl\":\"https:\\\/\\\/ets-laparole.africa\\\/wp-content\\\/uploads\\\/2025\\\/11\\\/Nouveau-projet-21.png\",\"width\":500,\"height\":500,\"caption\":\"La Parole Sarl ( Word of God )\"},\"image\":{\"@id\":\"https:\\\/\\\/ets-laparole.africa\\\/#\\\/schema\\\/logo\\\/image\\\/\"},\"sameAs\":[\"https:\\\/\\\/www.facebook.com\\\/profile.php?id=100063522578687\",\"https:\\\/\\\/www.tiktok.com\\\/@laparole.electrique\"]}]}<\/script>\n<!-- \/ Yoast SEO plugin. -->","yoast_head_json":{"title":"Prise de t\u00e9l\u00e9vision Blanc - La Parole Sarl ( Word of God )","description":"Prise de t\u00e9l\u00e9vision Blanc - La Parole Sarl (Word of God)-Lom\u00e9-Togo- Mat\u00e9riaux de construction \u00e9lectricit\u00e9-B\u00e2timent-industriel","robots":{"index":"index","follow":"follow","max-snippet":"max-snippet:-1","max-image-preview":"max-image-preview:large","max-video-preview":"max-video-preview:-1"},"canonical":"https:\/\/ets-laparole.africa\/en\/product\/prise-de-television-blanc\/","og_locale":"en_US","og_type":"article","og_title":"Prise de t\u00e9l\u00e9vision Blanc - La Parole Sarl ( Word of God )","og_description":"Prise de t\u00e9l\u00e9vision Blanc - La Parole Sarl (Word of God)-Lom\u00e9-Togo- Mat\u00e9riaux de construction \u00e9lectricit\u00e9-B\u00e2timent-industriel","og_url":"https:\/\/ets-laparole.africa\/en\/product\/prise-de-television-blanc\/","og_site_name":"La Parole Sarl ( Word of God )","article_publisher":"https:\/\/www.facebook.com\/profile.php?id=100063522578687","article_modified_time":"2025-11-04T11:21:55+00:00","og_image":[{"width":700,"height":800,"url":"https:\/\/ets-laparole.africa\/wp-content\/uploads\/2025\/03\/20223-Prise-de-television-Blanc-1.webp","type":"image\/webp"}],"twitter_card":"summary_large_image","schema":{"@context":"https:\/\/schema.org","@graph":[{"@type":"WebPage","@id":"https:\/\/ets-laparole.africa\/product\/prise-de-television-blanc\/","url":"https:\/\/ets-laparole.africa\/product\/prise-de-television-blanc\/","name":"Prise de t\u00e9l\u00e9vision Blanc - La Parole Sarl ( Word of God )","isPartOf":{"@id":"https:\/\/ets-laparole.africa\/#website"},"primaryImageOfPage":{"@id":"https:\/\/ets-laparole.africa\/product\/prise-de-television-blanc\/#primaryimage"},"image":{"@id":"https:\/\/ets-laparole.africa\/product\/prise-de-television-blanc\/#primaryimage"},"thumbnailUrl":"https:\/\/ets-laparole.africa\/wp-content\/uploads\/2025\/03\/20223-Prise-de-television-Blanc-1.webp","datePublished":"2025-03-28T12:48:18+00:00","dateModified":"2025-11-04T11:21:55+00:00","description":"Prise de t\u00e9l\u00e9vision Blanc - La Parole Sarl (Word of God)-Lom\u00e9-Togo- Mat\u00e9riaux de construction \u00e9lectricit\u00e9-B\u00e2timent-industriel","breadcrumb":{"@id":"https:\/\/ets-laparole.africa\/product\/prise-de-television-blanc\/#breadcrumb"},"inLanguage":"en-US","potentialAction":[{"@type":"ReadAction","target":["https:\/\/ets-laparole.africa\/product\/prise-de-television-blanc\/"]}]},{"@type":"ImageObject","inLanguage":"en-US","@id":"https:\/\/ets-laparole.africa\/product\/prise-de-television-blanc\/#primaryimage","url":"https:\/\/ets-laparole.africa\/wp-content\/uploads\/2025\/03\/20223-Prise-de-television-Blanc-1.webp","contentUrl":"https:\/\/ets-laparole.africa\/wp-content\/uploads\/2025\/03\/20223-Prise-de-television-Blanc-1.webp","width":700,"height":800},{"@type":"BreadcrumbList","@id":"https:\/\/ets-laparole.africa\/product\/prise-de-television-blanc\/#breadcrumb","itemListElement":[{"@type":"ListItem","position":1,"name":"Accueil","item":"https:\/\/ets-laparole.africa\/"},{"@type":"ListItem","position":2,"name":"NOS PRODUITS","item":"https:\/\/ets-laparole.africa\/nos-produits\/"},{"@type":"ListItem","position":3,"name":"Prise de t\u00e9l\u00e9vision Blanc"}]},{"@type":"WebSite","@id":"https:\/\/ets-laparole.africa\/#website","url":"https:\/\/ets-laparole.africa\/","name":"La Parole Sarl ( Word of God )","description":"Vente des  Mat\u00e9riaux de construction \u00e9lectricit\u00e9-B\u00e2timent-industriel","publisher":{"@id":"https:\/\/ets-laparole.africa\/#organization"},"potentialAction":[{"@type":"SearchAction","target":{"@type":"EntryPoint","urlTemplate":"https:\/\/ets-laparole.africa\/?s={search_term_string}"},"query-input":{"@type":"PropertyValueSpecification","valueRequired":true,"valueName":"search_term_string"}}],"inLanguage":"en-US"},{"@type":"Organization","@id":"https:\/\/ets-laparole.africa\/#organization","name":"La Parole Sarl ( Word of God )","url":"https:\/\/ets-laparole.africa\/","logo":{"@type":"ImageObject","inLanguage":"en-US","@id":"https:\/\/ets-laparole.africa\/#\/schema\/logo\/image\/","url":"https:\/\/ets-laparole.africa\/wp-content\/uploads\/2025\/11\/Nouveau-projet-21.png","contentUrl":"https:\/\/ets-laparole.africa\/wp-content\/uploads\/2025\/11\/Nouveau-projet-21.png","width":500,"height":500,"caption":"La Parole Sarl ( Word of God )"},"image":{"@id":"https:\/\/ets-laparole.africa\/#\/schema\/logo\/image\/"},"sameAs":["https:\/\/www.facebook.com\/profile.php?id=100063522578687","https:\/\/www.tiktok.com\/@laparole.electrique"]}]}},"jetpack_sharing_enabled":true,"_links":{"self":[{"href":"https:\/\/ets-laparole.africa\/en\/wp-json\/wp\/v2\/product\/3741","targetHints":{"allow":["GET"]}}],"collection":[{"href":"https:\/\/ets-laparole.africa\/en\/wp-json\/wp\/v2\/product"}],"about":[{"href":"https:\/\/ets-laparole.africa\/en\/wp-json\/wp\/v2\/types\/product"}],"replies":[{"embeddable":true,"href":"https:\/\/ets-laparole.africa\/en\/wp-json\/wp\/v2\/comments?post=3741"}],"wp:featuredmedia":[{"embeddable":true,"href":"https:\/\/ets-laparole.africa\/en\/wp-json\/wp\/v2\/media\/3742"}],"wp:attachment":[{"href":"https:\/\/ets-laparole.africa\/en\/wp-json\/wp\/v2\/media?parent=3741"}],"wp:term":[{"taxonomy":"product_brand","embeddable":true,"href":"https:\/\/ets-laparole.africa\/en\/wp-json\/wp\/v2\/product_brand?post=3741"},{"taxonomy":"product_cat","embeddable":true,"href":"https:\/\/ets-laparole.africa\/en\/wp-json\/wp\/v2\/product_cat?post=3741"},{"taxonomy":"product_tag","embeddable":true,"href":"https:\/\/ets-laparole.africa\/en\/wp-json\/wp\/v2\/product_tag?post=3741"}],"curies":[{"name":"wp","href":"https:\/\/api.w.org\/{rel}","templated":true}]}}