{"id":3351,"date":"2025-03-19T16:05:22","date_gmt":"2025-03-19T16:05:22","guid":{"rendered":"http:\/\/ets-laparole.africa\/?post_type=product&#038;p=3351"},"modified":"2025-12-06T16:52:45","modified_gmt":"2025-12-06T16:52:45","slug":"projecteur-word-led-de-600w-ip65","status":"publish","type":"product","link":"https:\/\/ets-laparole.africa\/en\/product\/projecteur-word-led-de-600w-ip65\/","title":{"rendered":"Projecteur Word led de 600W IP65"},"content":{"rendered":"","protected":false},"excerpt":{"rendered":"","protected":false},"featured_media":3345,"comment_status":"open","ping_status":"closed","template":"","meta":{"_gspb_post_css":"","content-type":""},"product_brand":[],"product_cat":[23,51],"product_tag":[],"class_list":{"0":"post-3351","1":"product","2":"type-product","3":"status-publish","4":"has-post-thumbnail","6":"product_cat-alsa","7":"product_cat-projecteur","9":"first","10":"instock","11":"shipping-taxable","12":"purchasable","13":"product-type-simple"},"yoast_head":"<!-- This site is optimized with the Yoast SEO plugin v27.3 - https:\/\/yoast.com\/product\/yoast-seo-wordpress\/ -->\n<title>Projecteur Word led de 600W IP65 - La Parole Sarl ( Word of God )<\/title>\n<meta name=\"description\" content=\"Projecteur Word led de 600W IP65, Super Lumineux 60000LM Spot LED Ext\u00e9rieur 3000K Blanc Chaud, IP66 \u00c9tanche \u00c9clairage de S\u00e9curit\u00e9 D&#039;ext\u00e9rieur Id\u00e9al ..\" \/>\n<meta name=\"robots\" content=\"index, follow, max-snippet:-1, max-image-preview:large, max-video-preview:-1\" \/>\n<link rel=\"canonical\" href=\"https:\/\/ets-laparole.africa\/en\/product\/projecteur-word-led-de-600w-ip65\/\" \/>\n<meta property=\"og:locale\" content=\"en_US\" \/>\n<meta property=\"og:type\" content=\"article\" \/>\n<meta property=\"og:title\" content=\"Projecteur Word led de 600W IP65 - La Parole Sarl ( Word of God )\" \/>\n<meta property=\"og:description\" content=\"Projecteur Word led de 600W IP65, Super Lumineux 60000LM Spot LED Ext\u00e9rieur 3000K Blanc Chaud, IP66 \u00c9tanche \u00c9clairage de S\u00e9curit\u00e9 D&#039;ext\u00e9rieur Id\u00e9al ..\" \/>\n<meta property=\"og:url\" content=\"https:\/\/ets-laparole.africa\/en\/product\/projecteur-word-led-de-600w-ip65\/\" \/>\n<meta property=\"og:site_name\" content=\"La Parole Sarl ( Word of God )\" \/>\n<meta property=\"article:publisher\" content=\"https:\/\/www.facebook.com\/profile.php?id=100063522578687\" \/>\n<meta property=\"article:modified_time\" content=\"2025-12-06T16:52:45+00:00\" \/>\n<meta property=\"og:image\" content=\"https:\/\/ets-laparole.africa\/wp-content\/uploads\/2025\/03\/Design-sans-titre-24.png\" \/>\n\t<meta property=\"og:image:width\" content=\"1280\" \/>\n\t<meta property=\"og:image:height\" content=\"720\" \/>\n\t<meta property=\"og:image:type\" content=\"image\/png\" \/>\n<meta name=\"twitter:card\" content=\"summary_large_image\" \/>\n<script type=\"application\/ld+json\" class=\"yoast-schema-graph\">{\"@context\":\"https:\\\/\\\/schema.org\",\"@graph\":[{\"@type\":\"WebPage\",\"@id\":\"https:\\\/\\\/ets-laparole.africa\\\/product\\\/projecteur-word-led-de-600w-ip65\\\/\",\"url\":\"https:\\\/\\\/ets-laparole.africa\\\/product\\\/projecteur-word-led-de-600w-ip65\\\/\",\"name\":\"Projecteur Word led de 600W IP65 - La Parole Sarl ( Word of God )\",\"isPartOf\":{\"@id\":\"https:\\\/\\\/ets-laparole.africa\\\/#website\"},\"primaryImageOfPage\":{\"@id\":\"https:\\\/\\\/ets-laparole.africa\\\/product\\\/projecteur-word-led-de-600w-ip65\\\/#primaryimage\"},\"image\":{\"@id\":\"https:\\\/\\\/ets-laparole.africa\\\/product\\\/projecteur-word-led-de-600w-ip65\\\/#primaryimage\"},\"thumbnailUrl\":\"https:\\\/\\\/ets-laparole.africa\\\/wp-content\\\/uploads\\\/2025\\\/03\\\/Design-sans-titre-24.png\",\"datePublished\":\"2025-03-19T16:05:22+00:00\",\"dateModified\":\"2025-12-06T16:52:45+00:00\",\"description\":\"Projecteur Word led de 600W IP65, Super Lumineux 60000LM Spot LED Ext\u00e9rieur 3000K Blanc Chaud, IP66 \u00c9tanche \u00c9clairage de S\u00e9curit\u00e9 D'ext\u00e9rieur Id\u00e9al ..\",\"breadcrumb\":{\"@id\":\"https:\\\/\\\/ets-laparole.africa\\\/product\\\/projecteur-word-led-de-600w-ip65\\\/#breadcrumb\"},\"inLanguage\":\"en-US\",\"potentialAction\":[{\"@type\":\"ReadAction\",\"target\":[\"https:\\\/\\\/ets-laparole.africa\\\/product\\\/projecteur-word-led-de-600w-ip65\\\/\"]}]},{\"@type\":\"ImageObject\",\"inLanguage\":\"en-US\",\"@id\":\"https:\\\/\\\/ets-laparole.africa\\\/product\\\/projecteur-word-led-de-600w-ip65\\\/#primaryimage\",\"url\":\"https:\\\/\\\/ets-laparole.africa\\\/wp-content\\\/uploads\\\/2025\\\/03\\\/Design-sans-titre-24.png\",\"contentUrl\":\"https:\\\/\\\/ets-laparole.africa\\\/wp-content\\\/uploads\\\/2025\\\/03\\\/Design-sans-titre-24.png\",\"width\":1280,\"height\":720},{\"@type\":\"BreadcrumbList\",\"@id\":\"https:\\\/\\\/ets-laparole.africa\\\/product\\\/projecteur-word-led-de-600w-ip65\\\/#breadcrumb\",\"itemListElement\":[{\"@type\":\"ListItem\",\"position\":1,\"name\":\"Accueil\",\"item\":\"https:\\\/\\\/ets-laparole.africa\\\/\"},{\"@type\":\"ListItem\",\"position\":2,\"name\":\"NOS PRODUITS\",\"item\":\"https:\\\/\\\/ets-laparole.africa\\\/nos-produits\\\/\"},{\"@type\":\"ListItem\",\"position\":3,\"name\":\"Projecteur Word led de 600W IP65\"}]},{\"@type\":\"WebSite\",\"@id\":\"https:\\\/\\\/ets-laparole.africa\\\/#website\",\"url\":\"https:\\\/\\\/ets-laparole.africa\\\/\",\"name\":\"La Parole Sarl ( Word of God )\",\"description\":\"Vente des  Mat\u00e9riaux de construction \u00e9lectricit\u00e9-B\u00e2timent-industriel\",\"publisher\":{\"@id\":\"https:\\\/\\\/ets-laparole.africa\\\/#organization\"},\"potentialAction\":[{\"@type\":\"SearchAction\",\"target\":{\"@type\":\"EntryPoint\",\"urlTemplate\":\"https:\\\/\\\/ets-laparole.africa\\\/?s={search_term_string}\"},\"query-input\":{\"@type\":\"PropertyValueSpecification\",\"valueRequired\":true,\"valueName\":\"search_term_string\"}}],\"inLanguage\":\"en-US\"},{\"@type\":\"Organization\",\"@id\":\"https:\\\/\\\/ets-laparole.africa\\\/#organization\",\"name\":\"La Parole Sarl ( Word of God )\",\"url\":\"https:\\\/\\\/ets-laparole.africa\\\/\",\"logo\":{\"@type\":\"ImageObject\",\"inLanguage\":\"en-US\",\"@id\":\"https:\\\/\\\/ets-laparole.africa\\\/#\\\/schema\\\/logo\\\/image\\\/\",\"url\":\"https:\\\/\\\/ets-laparole.africa\\\/wp-content\\\/uploads\\\/2025\\\/11\\\/Nouveau-projet-21.png\",\"contentUrl\":\"https:\\\/\\\/ets-laparole.africa\\\/wp-content\\\/uploads\\\/2025\\\/11\\\/Nouveau-projet-21.png\",\"width\":500,\"height\":500,\"caption\":\"La Parole Sarl ( Word of God )\"},\"image\":{\"@id\":\"https:\\\/\\\/ets-laparole.africa\\\/#\\\/schema\\\/logo\\\/image\\\/\"},\"sameAs\":[\"https:\\\/\\\/www.facebook.com\\\/profile.php?id=100063522578687\",\"https:\\\/\\\/www.tiktok.com\\\/@laparole.electrique\"]}]}<\/script>\n<!-- \/ Yoast SEO plugin. -->","yoast_head_json":{"title":"Projecteur Word led de 600W IP65 - La Parole Sarl ( Word of God )","description":"Projecteur Word led de 600W IP65, Super Lumineux 60000LM Spot LED Ext\u00e9rieur 3000K Blanc Chaud, IP66 \u00c9tanche \u00c9clairage de S\u00e9curit\u00e9 D'ext\u00e9rieur Id\u00e9al ..","robots":{"index":"index","follow":"follow","max-snippet":"max-snippet:-1","max-image-preview":"max-image-preview:large","max-video-preview":"max-video-preview:-1"},"canonical":"https:\/\/ets-laparole.africa\/en\/product\/projecteur-word-led-de-600w-ip65\/","og_locale":"en_US","og_type":"article","og_title":"Projecteur Word led de 600W IP65 - La Parole Sarl ( Word of God )","og_description":"Projecteur Word led de 600W IP65, Super Lumineux 60000LM Spot LED Ext\u00e9rieur 3000K Blanc Chaud, IP66 \u00c9tanche \u00c9clairage de S\u00e9curit\u00e9 D'ext\u00e9rieur Id\u00e9al ..","og_url":"https:\/\/ets-laparole.africa\/en\/product\/projecteur-word-led-de-600w-ip65\/","og_site_name":"La Parole Sarl ( Word of God )","article_publisher":"https:\/\/www.facebook.com\/profile.php?id=100063522578687","article_modified_time":"2025-12-06T16:52:45+00:00","og_image":[{"width":1280,"height":720,"url":"https:\/\/ets-laparole.africa\/wp-content\/uploads\/2025\/03\/Design-sans-titre-24.png","type":"image\/png"}],"twitter_card":"summary_large_image","schema":{"@context":"https:\/\/schema.org","@graph":[{"@type":"WebPage","@id":"https:\/\/ets-laparole.africa\/product\/projecteur-word-led-de-600w-ip65\/","url":"https:\/\/ets-laparole.africa\/product\/projecteur-word-led-de-600w-ip65\/","name":"Projecteur Word led de 600W IP65 - La Parole Sarl ( Word of God )","isPartOf":{"@id":"https:\/\/ets-laparole.africa\/#website"},"primaryImageOfPage":{"@id":"https:\/\/ets-laparole.africa\/product\/projecteur-word-led-de-600w-ip65\/#primaryimage"},"image":{"@id":"https:\/\/ets-laparole.africa\/product\/projecteur-word-led-de-600w-ip65\/#primaryimage"},"thumbnailUrl":"https:\/\/ets-laparole.africa\/wp-content\/uploads\/2025\/03\/Design-sans-titre-24.png","datePublished":"2025-03-19T16:05:22+00:00","dateModified":"2025-12-06T16:52:45+00:00","description":"Projecteur Word led de 600W IP65, Super Lumineux 60000LM Spot LED Ext\u00e9rieur 3000K Blanc Chaud, IP66 \u00c9tanche \u00c9clairage de S\u00e9curit\u00e9 D'ext\u00e9rieur Id\u00e9al ..","breadcrumb":{"@id":"https:\/\/ets-laparole.africa\/product\/projecteur-word-led-de-600w-ip65\/#breadcrumb"},"inLanguage":"en-US","potentialAction":[{"@type":"ReadAction","target":["https:\/\/ets-laparole.africa\/product\/projecteur-word-led-de-600w-ip65\/"]}]},{"@type":"ImageObject","inLanguage":"en-US","@id":"https:\/\/ets-laparole.africa\/product\/projecteur-word-led-de-600w-ip65\/#primaryimage","url":"https:\/\/ets-laparole.africa\/wp-content\/uploads\/2025\/03\/Design-sans-titre-24.png","contentUrl":"https:\/\/ets-laparole.africa\/wp-content\/uploads\/2025\/03\/Design-sans-titre-24.png","width":1280,"height":720},{"@type":"BreadcrumbList","@id":"https:\/\/ets-laparole.africa\/product\/projecteur-word-led-de-600w-ip65\/#breadcrumb","itemListElement":[{"@type":"ListItem","position":1,"name":"Accueil","item":"https:\/\/ets-laparole.africa\/"},{"@type":"ListItem","position":2,"name":"NOS PRODUITS","item":"https:\/\/ets-laparole.africa\/nos-produits\/"},{"@type":"ListItem","position":3,"name":"Projecteur Word led de 600W IP65"}]},{"@type":"WebSite","@id":"https:\/\/ets-laparole.africa\/#website","url":"https:\/\/ets-laparole.africa\/","name":"La Parole Sarl ( Word of God )","description":"Vente des  Mat\u00e9riaux de construction \u00e9lectricit\u00e9-B\u00e2timent-industriel","publisher":{"@id":"https:\/\/ets-laparole.africa\/#organization"},"potentialAction":[{"@type":"SearchAction","target":{"@type":"EntryPoint","urlTemplate":"https:\/\/ets-laparole.africa\/?s={search_term_string}"},"query-input":{"@type":"PropertyValueSpecification","valueRequired":true,"valueName":"search_term_string"}}],"inLanguage":"en-US"},{"@type":"Organization","@id":"https:\/\/ets-laparole.africa\/#organization","name":"La Parole Sarl ( Word of God )","url":"https:\/\/ets-laparole.africa\/","logo":{"@type":"ImageObject","inLanguage":"en-US","@id":"https:\/\/ets-laparole.africa\/#\/schema\/logo\/image\/","url":"https:\/\/ets-laparole.africa\/wp-content\/uploads\/2025\/11\/Nouveau-projet-21.png","contentUrl":"https:\/\/ets-laparole.africa\/wp-content\/uploads\/2025\/11\/Nouveau-projet-21.png","width":500,"height":500,"caption":"La Parole Sarl ( Word of God )"},"image":{"@id":"https:\/\/ets-laparole.africa\/#\/schema\/logo\/image\/"},"sameAs":["https:\/\/www.facebook.com\/profile.php?id=100063522578687","https:\/\/www.tiktok.com\/@laparole.electrique"]}]}},"jetpack_sharing_enabled":true,"_links":{"self":[{"href":"https:\/\/ets-laparole.africa\/en\/wp-json\/wp\/v2\/product\/3351","targetHints":{"allow":["GET"]}}],"collection":[{"href":"https:\/\/ets-laparole.africa\/en\/wp-json\/wp\/v2\/product"}],"about":[{"href":"https:\/\/ets-laparole.africa\/en\/wp-json\/wp\/v2\/types\/product"}],"replies":[{"embeddable":true,"href":"https:\/\/ets-laparole.africa\/en\/wp-json\/wp\/v2\/comments?post=3351"}],"wp:featuredmedia":[{"embeddable":true,"href":"https:\/\/ets-laparole.africa\/en\/wp-json\/wp\/v2\/media\/3345"}],"wp:attachment":[{"href":"https:\/\/ets-laparole.africa\/en\/wp-json\/wp\/v2\/media?parent=3351"}],"wp:term":[{"taxonomy":"product_brand","embeddable":true,"href":"https:\/\/ets-laparole.africa\/en\/wp-json\/wp\/v2\/product_brand?post=3351"},{"taxonomy":"product_cat","embeddable":true,"href":"https:\/\/ets-laparole.africa\/en\/wp-json\/wp\/v2\/product_cat?post=3351"},{"taxonomy":"product_tag","embeddable":true,"href":"https:\/\/ets-laparole.africa\/en\/wp-json\/wp\/v2\/product_tag?post=3351"}],"curies":[{"name":"wp","href":"https:\/\/api.w.org\/{rel}","templated":true}]}}