{"id":2397,"date":"2025-01-18T17:02:11","date_gmt":"2025-01-18T17:02:11","guid":{"rendered":"http:\/\/ets-laparole.africa\/?post_type=product&#038;p=2397"},"modified":"2025-12-19T14:02:31","modified_gmt":"2025-12-19T14:02:31","slug":"jaycomey-lustre-moderne-en-acrylique-a-3-lumieres-avec-ampoules-led-a-intensite-variable-spots-dinterieur-pour-cuisine-salle-a-manger-salon-et-restaurant-noir-perle","status":"publish","type":"product","link":"https:\/\/ets-laparole.africa\/en\/product\/jaycomey-lustre-moderne-en-acrylique-a-3-lumieres-avec-ampoules-led-a-intensite-variable-spots-dinterieur-pour-cuisine-salle-a-manger-salon-et-restaurant-noir-perle\/","title":{"rendered":"Lustre moderne en acrylique \u00e0 3 lumi\u00e8res avec ampoules LED"},"content":{"rendered":"","protected":false},"excerpt":{"rendered":"<p>Jaycomey Lustre moderne en acrylique \u00e0 3 lumi\u00e8res avec ampoules LED \u00e0 intensit\u00e9 variable, spots d&#8217;int\u00e9rieur pour cuisine, salle \u00e0 manger, salon et restaurant (noir perle)<\/p>","protected":false},"featured_media":2398,"comment_status":"open","ping_status":"closed","template":"","meta":{"_gspb_post_css":"","content-type":""},"product_brand":[],"product_cat":[23,25],"product_tag":[],"class_list":{"0":"post-2397","1":"product","2":"type-product","3":"status-publish","4":"has-post-thumbnail","6":"product_cat-alsa","7":"product_cat-lustre","9":"first","10":"instock","11":"shipping-taxable","12":"purchasable","13":"product-type-simple"},"yoast_head":"<!-- This site is optimized with the Yoast SEO plugin v27.3 - https:\/\/yoast.com\/product\/yoast-seo-wordpress\/ -->\n<title>Lustre moderne en acrylique \u00e0 3 lumi\u00e8res - La Parole Sarl<\/title>\n<meta name=\"description\" content=\"Lustre moderne en acrylique \u00e0 3 lumi\u00e8res avec ampoules LED - La Parole Sarl (Word of God)-Lom\u00e9-Togo- Mat\u00e9riaux de construction \u00e9lectricit\u00e9-B\u00e2timent\" \/>\n<meta name=\"robots\" content=\"index, follow, max-snippet:-1, max-image-preview:large, max-video-preview:-1\" \/>\n<link rel=\"canonical\" href=\"https:\/\/ets-laparole.africa\/en\/product\/jaycomey-lustre-moderne-en-acrylique-a-3-lumieres-avec-ampoules-led-a-intensite-variable-spots-dinterieur-pour-cuisine-salle-a-manger-salon-et-restaurant-noir-perle\/\" \/>\n<meta property=\"og:locale\" content=\"en_US\" \/>\n<meta property=\"og:type\" content=\"article\" \/>\n<meta property=\"og:title\" content=\"Lustre moderne en acrylique \u00e0 3 lumi\u00e8res - La Parole Sarl\" \/>\n<meta property=\"og:description\" content=\"Lustre moderne en acrylique \u00e0 3 lumi\u00e8res avec ampoules LED - La Parole Sarl (Word of God)-Lom\u00e9-Togo- Mat\u00e9riaux de construction \u00e9lectricit\u00e9-B\u00e2timent\" \/>\n<meta property=\"og:url\" content=\"https:\/\/ets-laparole.africa\/en\/product\/jaycomey-lustre-moderne-en-acrylique-a-3-lumieres-avec-ampoules-led-a-intensite-variable-spots-dinterieur-pour-cuisine-salle-a-manger-salon-et-restaurant-noir-perle\/\" \/>\n<meta property=\"og:site_name\" content=\"La Parole Sarl ( Word of God )\" \/>\n<meta property=\"article:publisher\" content=\"https:\/\/www.facebook.com\/profile.php?id=100063522578687\" \/>\n<meta property=\"article:modified_time\" content=\"2025-12-19T14:02:31+00:00\" \/>\n<meta property=\"og:image\" content=\"https:\/\/ets-laparole.africa\/wp-content\/uploads\/2025\/01\/41lXnffTH8L._AC_SX679_.jpg\" \/>\n\t<meta property=\"og:image:width\" content=\"679\" \/>\n\t<meta property=\"og:image:height\" content=\"621\" \/>\n\t<meta property=\"og:image:type\" content=\"image\/jpeg\" \/>\n<meta name=\"twitter:card\" content=\"summary_large_image\" \/>\n<meta name=\"twitter:label1\" content=\"Est. reading time\" \/>\n\t<meta name=\"twitter:data1\" content=\"1 minute\" \/>\n<script type=\"application\/ld+json\" class=\"yoast-schema-graph\">{\"@context\":\"https:\\\/\\\/schema.org\",\"@graph\":[{\"@type\":\"WebPage\",\"@id\":\"https:\\\/\\\/ets-laparole.africa\\\/product\\\/jaycomey-lustre-moderne-en-acrylique-a-3-lumieres-avec-ampoules-led-a-intensite-variable-spots-dinterieur-pour-cuisine-salle-a-manger-salon-et-restaurant-noir-perle\\\/\",\"url\":\"https:\\\/\\\/ets-laparole.africa\\\/product\\\/jaycomey-lustre-moderne-en-acrylique-a-3-lumieres-avec-ampoules-led-a-intensite-variable-spots-dinterieur-pour-cuisine-salle-a-manger-salon-et-restaurant-noir-perle\\\/\",\"name\":\"Lustre moderne en acrylique \u00e0 3 lumi\u00e8res - La Parole Sarl\",\"isPartOf\":{\"@id\":\"https:\\\/\\\/ets-laparole.africa\\\/#website\"},\"primaryImageOfPage\":{\"@id\":\"https:\\\/\\\/ets-laparole.africa\\\/product\\\/jaycomey-lustre-moderne-en-acrylique-a-3-lumieres-avec-ampoules-led-a-intensite-variable-spots-dinterieur-pour-cuisine-salle-a-manger-salon-et-restaurant-noir-perle\\\/#primaryimage\"},\"image\":{\"@id\":\"https:\\\/\\\/ets-laparole.africa\\\/product\\\/jaycomey-lustre-moderne-en-acrylique-a-3-lumieres-avec-ampoules-led-a-intensite-variable-spots-dinterieur-pour-cuisine-salle-a-manger-salon-et-restaurant-noir-perle\\\/#primaryimage\"},\"thumbnailUrl\":\"https:\\\/\\\/ets-laparole.africa\\\/wp-content\\\/uploads\\\/2025\\\/01\\\/41lXnffTH8L._AC_SX679_.jpg\",\"datePublished\":\"2025-01-18T17:02:11+00:00\",\"dateModified\":\"2025-12-19T14:02:31+00:00\",\"description\":\"Lustre moderne en acrylique \u00e0 3 lumi\u00e8res avec ampoules LED - La Parole Sarl (Word of God)-Lom\u00e9-Togo- Mat\u00e9riaux de construction \u00e9lectricit\u00e9-B\u00e2timent\",\"breadcrumb\":{\"@id\":\"https:\\\/\\\/ets-laparole.africa\\\/product\\\/jaycomey-lustre-moderne-en-acrylique-a-3-lumieres-avec-ampoules-led-a-intensite-variable-spots-dinterieur-pour-cuisine-salle-a-manger-salon-et-restaurant-noir-perle\\\/#breadcrumb\"},\"inLanguage\":\"en-US\",\"potentialAction\":[{\"@type\":\"ReadAction\",\"target\":[\"https:\\\/\\\/ets-laparole.africa\\\/product\\\/jaycomey-lustre-moderne-en-acrylique-a-3-lumieres-avec-ampoules-led-a-intensite-variable-spots-dinterieur-pour-cuisine-salle-a-manger-salon-et-restaurant-noir-perle\\\/\"]}]},{\"@type\":\"ImageObject\",\"inLanguage\":\"en-US\",\"@id\":\"https:\\\/\\\/ets-laparole.africa\\\/product\\\/jaycomey-lustre-moderne-en-acrylique-a-3-lumieres-avec-ampoules-led-a-intensite-variable-spots-dinterieur-pour-cuisine-salle-a-manger-salon-et-restaurant-noir-perle\\\/#primaryimage\",\"url\":\"https:\\\/\\\/ets-laparole.africa\\\/wp-content\\\/uploads\\\/2025\\\/01\\\/41lXnffTH8L._AC_SX679_.jpg\",\"contentUrl\":\"https:\\\/\\\/ets-laparole.africa\\\/wp-content\\\/uploads\\\/2025\\\/01\\\/41lXnffTH8L._AC_SX679_.jpg\",\"width\":679,\"height\":621},{\"@type\":\"BreadcrumbList\",\"@id\":\"https:\\\/\\\/ets-laparole.africa\\\/product\\\/jaycomey-lustre-moderne-en-acrylique-a-3-lumieres-avec-ampoules-led-a-intensite-variable-spots-dinterieur-pour-cuisine-salle-a-manger-salon-et-restaurant-noir-perle\\\/#breadcrumb\",\"itemListElement\":[{\"@type\":\"ListItem\",\"position\":1,\"name\":\"Accueil\",\"item\":\"https:\\\/\\\/ets-laparole.africa\\\/\"},{\"@type\":\"ListItem\",\"position\":2,\"name\":\"NOS PRODUITS\",\"item\":\"https:\\\/\\\/ets-laparole.africa\\\/nos-produits\\\/\"},{\"@type\":\"ListItem\",\"position\":3,\"name\":\"Lustre moderne en acrylique \u00e0 3 lumi\u00e8res avec ampoules LED\"}]},{\"@type\":\"WebSite\",\"@id\":\"https:\\\/\\\/ets-laparole.africa\\\/#website\",\"url\":\"https:\\\/\\\/ets-laparole.africa\\\/\",\"name\":\"La Parole Sarl ( Word of God )\",\"description\":\"Vente des  Mat\u00e9riaux de construction \u00e9lectricit\u00e9-B\u00e2timent-industriel\",\"publisher\":{\"@id\":\"https:\\\/\\\/ets-laparole.africa\\\/#organization\"},\"potentialAction\":[{\"@type\":\"SearchAction\",\"target\":{\"@type\":\"EntryPoint\",\"urlTemplate\":\"https:\\\/\\\/ets-laparole.africa\\\/?s={search_term_string}\"},\"query-input\":{\"@type\":\"PropertyValueSpecification\",\"valueRequired\":true,\"valueName\":\"search_term_string\"}}],\"inLanguage\":\"en-US\"},{\"@type\":\"Organization\",\"@id\":\"https:\\\/\\\/ets-laparole.africa\\\/#organization\",\"name\":\"La Parole Sarl ( Word of God )\",\"url\":\"https:\\\/\\\/ets-laparole.africa\\\/\",\"logo\":{\"@type\":\"ImageObject\",\"inLanguage\":\"en-US\",\"@id\":\"https:\\\/\\\/ets-laparole.africa\\\/#\\\/schema\\\/logo\\\/image\\\/\",\"url\":\"https:\\\/\\\/ets-laparole.africa\\\/wp-content\\\/uploads\\\/2025\\\/11\\\/Nouveau-projet-21.png\",\"contentUrl\":\"https:\\\/\\\/ets-laparole.africa\\\/wp-content\\\/uploads\\\/2025\\\/11\\\/Nouveau-projet-21.png\",\"width\":500,\"height\":500,\"caption\":\"La Parole Sarl ( Word of God )\"},\"image\":{\"@id\":\"https:\\\/\\\/ets-laparole.africa\\\/#\\\/schema\\\/logo\\\/image\\\/\"},\"sameAs\":[\"https:\\\/\\\/www.facebook.com\\\/profile.php?id=100063522578687\",\"https:\\\/\\\/www.tiktok.com\\\/@laparole.electrique\"]}]}<\/script>\n<!-- \/ Yoast SEO plugin. -->","yoast_head_json":{"title":"Lustre moderne en acrylique \u00e0 3 lumi\u00e8res - La Parole Sarl","description":"Lustre moderne en acrylique \u00e0 3 lumi\u00e8res avec ampoules LED - La Parole Sarl (Word of God)-Lom\u00e9-Togo- Mat\u00e9riaux de construction \u00e9lectricit\u00e9-B\u00e2timent","robots":{"index":"index","follow":"follow","max-snippet":"max-snippet:-1","max-image-preview":"max-image-preview:large","max-video-preview":"max-video-preview:-1"},"canonical":"https:\/\/ets-laparole.africa\/en\/product\/jaycomey-lustre-moderne-en-acrylique-a-3-lumieres-avec-ampoules-led-a-intensite-variable-spots-dinterieur-pour-cuisine-salle-a-manger-salon-et-restaurant-noir-perle\/","og_locale":"en_US","og_type":"article","og_title":"Lustre moderne en acrylique \u00e0 3 lumi\u00e8res - La Parole Sarl","og_description":"Lustre moderne en acrylique \u00e0 3 lumi\u00e8res avec ampoules LED - La Parole Sarl (Word of God)-Lom\u00e9-Togo- Mat\u00e9riaux de construction \u00e9lectricit\u00e9-B\u00e2timent","og_url":"https:\/\/ets-laparole.africa\/en\/product\/jaycomey-lustre-moderne-en-acrylique-a-3-lumieres-avec-ampoules-led-a-intensite-variable-spots-dinterieur-pour-cuisine-salle-a-manger-salon-et-restaurant-noir-perle\/","og_site_name":"La Parole Sarl ( Word of God )","article_publisher":"https:\/\/www.facebook.com\/profile.php?id=100063522578687","article_modified_time":"2025-12-19T14:02:31+00:00","og_image":[{"width":679,"height":621,"url":"https:\/\/ets-laparole.africa\/wp-content\/uploads\/2025\/01\/41lXnffTH8L._AC_SX679_.jpg","type":"image\/jpeg"}],"twitter_card":"summary_large_image","twitter_misc":{"Est. reading time":"1 minute"},"schema":{"@context":"https:\/\/schema.org","@graph":[{"@type":"WebPage","@id":"https:\/\/ets-laparole.africa\/product\/jaycomey-lustre-moderne-en-acrylique-a-3-lumieres-avec-ampoules-led-a-intensite-variable-spots-dinterieur-pour-cuisine-salle-a-manger-salon-et-restaurant-noir-perle\/","url":"https:\/\/ets-laparole.africa\/product\/jaycomey-lustre-moderne-en-acrylique-a-3-lumieres-avec-ampoules-led-a-intensite-variable-spots-dinterieur-pour-cuisine-salle-a-manger-salon-et-restaurant-noir-perle\/","name":"Lustre moderne en acrylique \u00e0 3 lumi\u00e8res - La Parole Sarl","isPartOf":{"@id":"https:\/\/ets-laparole.africa\/#website"},"primaryImageOfPage":{"@id":"https:\/\/ets-laparole.africa\/product\/jaycomey-lustre-moderne-en-acrylique-a-3-lumieres-avec-ampoules-led-a-intensite-variable-spots-dinterieur-pour-cuisine-salle-a-manger-salon-et-restaurant-noir-perle\/#primaryimage"},"image":{"@id":"https:\/\/ets-laparole.africa\/product\/jaycomey-lustre-moderne-en-acrylique-a-3-lumieres-avec-ampoules-led-a-intensite-variable-spots-dinterieur-pour-cuisine-salle-a-manger-salon-et-restaurant-noir-perle\/#primaryimage"},"thumbnailUrl":"https:\/\/ets-laparole.africa\/wp-content\/uploads\/2025\/01\/41lXnffTH8L._AC_SX679_.jpg","datePublished":"2025-01-18T17:02:11+00:00","dateModified":"2025-12-19T14:02:31+00:00","description":"Lustre moderne en acrylique \u00e0 3 lumi\u00e8res avec ampoules LED - La Parole Sarl (Word of God)-Lom\u00e9-Togo- Mat\u00e9riaux de construction \u00e9lectricit\u00e9-B\u00e2timent","breadcrumb":{"@id":"https:\/\/ets-laparole.africa\/product\/jaycomey-lustre-moderne-en-acrylique-a-3-lumieres-avec-ampoules-led-a-intensite-variable-spots-dinterieur-pour-cuisine-salle-a-manger-salon-et-restaurant-noir-perle\/#breadcrumb"},"inLanguage":"en-US","potentialAction":[{"@type":"ReadAction","target":["https:\/\/ets-laparole.africa\/product\/jaycomey-lustre-moderne-en-acrylique-a-3-lumieres-avec-ampoules-led-a-intensite-variable-spots-dinterieur-pour-cuisine-salle-a-manger-salon-et-restaurant-noir-perle\/"]}]},{"@type":"ImageObject","inLanguage":"en-US","@id":"https:\/\/ets-laparole.africa\/product\/jaycomey-lustre-moderne-en-acrylique-a-3-lumieres-avec-ampoules-led-a-intensite-variable-spots-dinterieur-pour-cuisine-salle-a-manger-salon-et-restaurant-noir-perle\/#primaryimage","url":"https:\/\/ets-laparole.africa\/wp-content\/uploads\/2025\/01\/41lXnffTH8L._AC_SX679_.jpg","contentUrl":"https:\/\/ets-laparole.africa\/wp-content\/uploads\/2025\/01\/41lXnffTH8L._AC_SX679_.jpg","width":679,"height":621},{"@type":"BreadcrumbList","@id":"https:\/\/ets-laparole.africa\/product\/jaycomey-lustre-moderne-en-acrylique-a-3-lumieres-avec-ampoules-led-a-intensite-variable-spots-dinterieur-pour-cuisine-salle-a-manger-salon-et-restaurant-noir-perle\/#breadcrumb","itemListElement":[{"@type":"ListItem","position":1,"name":"Accueil","item":"https:\/\/ets-laparole.africa\/"},{"@type":"ListItem","position":2,"name":"NOS PRODUITS","item":"https:\/\/ets-laparole.africa\/nos-produits\/"},{"@type":"ListItem","position":3,"name":"Lustre moderne en acrylique \u00e0 3 lumi\u00e8res avec ampoules LED"}]},{"@type":"WebSite","@id":"https:\/\/ets-laparole.africa\/#website","url":"https:\/\/ets-laparole.africa\/","name":"La Parole Sarl ( Word of God )","description":"Vente des  Mat\u00e9riaux de construction \u00e9lectricit\u00e9-B\u00e2timent-industriel","publisher":{"@id":"https:\/\/ets-laparole.africa\/#organization"},"potentialAction":[{"@type":"SearchAction","target":{"@type":"EntryPoint","urlTemplate":"https:\/\/ets-laparole.africa\/?s={search_term_string}"},"query-input":{"@type":"PropertyValueSpecification","valueRequired":true,"valueName":"search_term_string"}}],"inLanguage":"en-US"},{"@type":"Organization","@id":"https:\/\/ets-laparole.africa\/#organization","name":"La Parole Sarl ( Word of God )","url":"https:\/\/ets-laparole.africa\/","logo":{"@type":"ImageObject","inLanguage":"en-US","@id":"https:\/\/ets-laparole.africa\/#\/schema\/logo\/image\/","url":"https:\/\/ets-laparole.africa\/wp-content\/uploads\/2025\/11\/Nouveau-projet-21.png","contentUrl":"https:\/\/ets-laparole.africa\/wp-content\/uploads\/2025\/11\/Nouveau-projet-21.png","width":500,"height":500,"caption":"La Parole Sarl ( Word of God )"},"image":{"@id":"https:\/\/ets-laparole.africa\/#\/schema\/logo\/image\/"},"sameAs":["https:\/\/www.facebook.com\/profile.php?id=100063522578687","https:\/\/www.tiktok.com\/@laparole.electrique"]}]}},"jetpack_sharing_enabled":true,"_links":{"self":[{"href":"https:\/\/ets-laparole.africa\/en\/wp-json\/wp\/v2\/product\/2397","targetHints":{"allow":["GET"]}}],"collection":[{"href":"https:\/\/ets-laparole.africa\/en\/wp-json\/wp\/v2\/product"}],"about":[{"href":"https:\/\/ets-laparole.africa\/en\/wp-json\/wp\/v2\/types\/product"}],"replies":[{"embeddable":true,"href":"https:\/\/ets-laparole.africa\/en\/wp-json\/wp\/v2\/comments?post=2397"}],"wp:featuredmedia":[{"embeddable":true,"href":"https:\/\/ets-laparole.africa\/en\/wp-json\/wp\/v2\/media\/2398"}],"wp:attachment":[{"href":"https:\/\/ets-laparole.africa\/en\/wp-json\/wp\/v2\/media?parent=2397"}],"wp:term":[{"taxonomy":"product_brand","embeddable":true,"href":"https:\/\/ets-laparole.africa\/en\/wp-json\/wp\/v2\/product_brand?post=2397"},{"taxonomy":"product_cat","embeddable":true,"href":"https:\/\/ets-laparole.africa\/en\/wp-json\/wp\/v2\/product_cat?post=2397"},{"taxonomy":"product_tag","embeddable":true,"href":"https:\/\/ets-laparole.africa\/en\/wp-json\/wp\/v2\/product_tag?post=2397"}],"curies":[{"name":"wp","href":"https:\/\/api.w.org\/{rel}","templated":true}]}}