{"id":1648,"date":"2025-01-02T13:44:47","date_gmt":"2025-01-02T13:44:47","guid":{"rendered":"http:\/\/ets-laparole.africa\/?post_type=product&#038;p=1648"},"modified":"2025-01-02T13:44:47","modified_gmt":"2025-01-02T13:44:47","slug":"k7-niveau-a-bulle-53740-53780","status":"publish","type":"product","link":"https:\/\/ets-laparole.africa\/en\/product\/k7-niveau-a-bulle-53740-53780\/","title":{"rendered":"K7-NIVEAU \u00c0 BULLE 53740-53780"},"content":{"rendered":"","protected":false},"excerpt":{"rendered":"","protected":false},"featured_media":1649,"comment_status":"open","ping_status":"closed","template":"","meta":{"_gspb_post_css":"","content-type":""},"product_brand":[],"product_cat":[42],"product_tag":[44],"class_list":{"0":"post-1648","1":"product","2":"type-product","3":"status-publish","4":"has-post-thumbnail","6":"product_cat-outils-electroportatifs","7":"product_tag-dingqi","9":"first","10":"instock","11":"shipping-taxable","12":"product-type-simple"},"yoast_head":"<!-- This site is optimized with the Yoast SEO plugin v27.3 - https:\/\/yoast.com\/product\/yoast-seo-wordpress\/ -->\n<title>K7-NIVEAU \u00c0 BULLE 53740-53780 - La Parole Sarl ( Word of God )<\/title>\n<meta name=\"robots\" content=\"index, follow, max-snippet:-1, max-image-preview:large, max-video-preview:-1\" \/>\n<link rel=\"canonical\" href=\"https:\/\/ets-laparole.africa\/en\/product\/k7-niveau-a-bulle-53740-53780\/\" \/>\n<meta property=\"og:locale\" content=\"en_US\" \/>\n<meta property=\"og:type\" content=\"article\" \/>\n<meta property=\"og:title\" content=\"K7-NIVEAU \u00c0 BULLE 53740-53780 - La Parole Sarl ( Word of God )\" \/>\n<meta property=\"og:url\" content=\"https:\/\/ets-laparole.africa\/en\/product\/k7-niveau-a-bulle-53740-53780\/\" \/>\n<meta property=\"og:site_name\" content=\"La Parole Sarl ( Word of God )\" \/>\n<meta property=\"article:publisher\" content=\"https:\/\/www.facebook.com\/profile.php?id=100063522578687\" \/>\n<meta property=\"og:image\" content=\"https:\/\/ets-laparole.africa\/wp-content\/uploads\/2025\/01\/K7-SPIRIT-LEVEL-53740-53780.jpg\" \/>\n\t<meta property=\"og:image:width\" content=\"800\" \/>\n\t<meta property=\"og:image:height\" content=\"800\" \/>\n\t<meta property=\"og:image:type\" content=\"image\/jpeg\" \/>\n<meta name=\"twitter:card\" content=\"summary_large_image\" \/>\n<script type=\"application\/ld+json\" class=\"yoast-schema-graph\">{\"@context\":\"https:\\\/\\\/schema.org\",\"@graph\":[{\"@type\":\"WebPage\",\"@id\":\"https:\\\/\\\/ets-laparole.africa\\\/product\\\/k7-niveau-a-bulle-53740-53780\\\/\",\"url\":\"https:\\\/\\\/ets-laparole.africa\\\/product\\\/k7-niveau-a-bulle-53740-53780\\\/\",\"name\":\"K7-NIVEAU \u00c0 BULLE 53740-53780 - La Parole Sarl ( Word of God )\",\"isPartOf\":{\"@id\":\"https:\\\/\\\/ets-laparole.africa\\\/#website\"},\"primaryImageOfPage\":{\"@id\":\"https:\\\/\\\/ets-laparole.africa\\\/product\\\/k7-niveau-a-bulle-53740-53780\\\/#primaryimage\"},\"image\":{\"@id\":\"https:\\\/\\\/ets-laparole.africa\\\/product\\\/k7-niveau-a-bulle-53740-53780\\\/#primaryimage\"},\"thumbnailUrl\":\"https:\\\/\\\/ets-laparole.africa\\\/wp-content\\\/uploads\\\/2025\\\/01\\\/K7-SPIRIT-LEVEL-53740-53780.jpg\",\"datePublished\":\"2025-01-02T13:44:47+00:00\",\"breadcrumb\":{\"@id\":\"https:\\\/\\\/ets-laparole.africa\\\/product\\\/k7-niveau-a-bulle-53740-53780\\\/#breadcrumb\"},\"inLanguage\":\"en-US\",\"potentialAction\":[{\"@type\":\"ReadAction\",\"target\":[\"https:\\\/\\\/ets-laparole.africa\\\/product\\\/k7-niveau-a-bulle-53740-53780\\\/\"]}]},{\"@type\":\"ImageObject\",\"inLanguage\":\"en-US\",\"@id\":\"https:\\\/\\\/ets-laparole.africa\\\/product\\\/k7-niveau-a-bulle-53740-53780\\\/#primaryimage\",\"url\":\"https:\\\/\\\/ets-laparole.africa\\\/wp-content\\\/uploads\\\/2025\\\/01\\\/K7-SPIRIT-LEVEL-53740-53780.jpg\",\"contentUrl\":\"https:\\\/\\\/ets-laparole.africa\\\/wp-content\\\/uploads\\\/2025\\\/01\\\/K7-SPIRIT-LEVEL-53740-53780.jpg\",\"width\":800,\"height\":800},{\"@type\":\"BreadcrumbList\",\"@id\":\"https:\\\/\\\/ets-laparole.africa\\\/product\\\/k7-niveau-a-bulle-53740-53780\\\/#breadcrumb\",\"itemListElement\":[{\"@type\":\"ListItem\",\"position\":1,\"name\":\"Accueil\",\"item\":\"https:\\\/\\\/ets-laparole.africa\\\/\"},{\"@type\":\"ListItem\",\"position\":2,\"name\":\"NOS PRODUITS\",\"item\":\"https:\\\/\\\/ets-laparole.africa\\\/nos-produits\\\/\"},{\"@type\":\"ListItem\",\"position\":3,\"name\":\"K7-NIVEAU \u00c0 BULLE 53740-53780\"}]},{\"@type\":\"WebSite\",\"@id\":\"https:\\\/\\\/ets-laparole.africa\\\/#website\",\"url\":\"https:\\\/\\\/ets-laparole.africa\\\/\",\"name\":\"La Parole Sarl ( Word of God )\",\"description\":\"Vente des  Mat\u00e9riaux de construction \u00e9lectricit\u00e9-B\u00e2timent-industriel\",\"publisher\":{\"@id\":\"https:\\\/\\\/ets-laparole.africa\\\/#organization\"},\"potentialAction\":[{\"@type\":\"SearchAction\",\"target\":{\"@type\":\"EntryPoint\",\"urlTemplate\":\"https:\\\/\\\/ets-laparole.africa\\\/?s={search_term_string}\"},\"query-input\":{\"@type\":\"PropertyValueSpecification\",\"valueRequired\":true,\"valueName\":\"search_term_string\"}}],\"inLanguage\":\"en-US\"},{\"@type\":\"Organization\",\"@id\":\"https:\\\/\\\/ets-laparole.africa\\\/#organization\",\"name\":\"La Parole Sarl ( Word of God )\",\"url\":\"https:\\\/\\\/ets-laparole.africa\\\/\",\"logo\":{\"@type\":\"ImageObject\",\"inLanguage\":\"en-US\",\"@id\":\"https:\\\/\\\/ets-laparole.africa\\\/#\\\/schema\\\/logo\\\/image\\\/\",\"url\":\"https:\\\/\\\/ets-laparole.africa\\\/wp-content\\\/uploads\\\/2025\\\/11\\\/Nouveau-projet-21.png\",\"contentUrl\":\"https:\\\/\\\/ets-laparole.africa\\\/wp-content\\\/uploads\\\/2025\\\/11\\\/Nouveau-projet-21.png\",\"width\":500,\"height\":500,\"caption\":\"La Parole Sarl ( Word of God )\"},\"image\":{\"@id\":\"https:\\\/\\\/ets-laparole.africa\\\/#\\\/schema\\\/logo\\\/image\\\/\"},\"sameAs\":[\"https:\\\/\\\/www.facebook.com\\\/profile.php?id=100063522578687\",\"https:\\\/\\\/www.tiktok.com\\\/@laparole.electrique\"]}]}<\/script>\n<!-- \/ Yoast SEO plugin. -->","yoast_head_json":{"title":"K7-NIVEAU \u00c0 BULLE 53740-53780 - La Parole Sarl ( Word of God )","robots":{"index":"index","follow":"follow","max-snippet":"max-snippet:-1","max-image-preview":"max-image-preview:large","max-video-preview":"max-video-preview:-1"},"canonical":"https:\/\/ets-laparole.africa\/en\/product\/k7-niveau-a-bulle-53740-53780\/","og_locale":"en_US","og_type":"article","og_title":"K7-NIVEAU \u00c0 BULLE 53740-53780 - La Parole Sarl ( Word of God )","og_url":"https:\/\/ets-laparole.africa\/en\/product\/k7-niveau-a-bulle-53740-53780\/","og_site_name":"La Parole Sarl ( Word of God )","article_publisher":"https:\/\/www.facebook.com\/profile.php?id=100063522578687","og_image":[{"width":800,"height":800,"url":"https:\/\/ets-laparole.africa\/wp-content\/uploads\/2025\/01\/K7-SPIRIT-LEVEL-53740-53780.jpg","type":"image\/jpeg"}],"twitter_card":"summary_large_image","schema":{"@context":"https:\/\/schema.org","@graph":[{"@type":"WebPage","@id":"https:\/\/ets-laparole.africa\/product\/k7-niveau-a-bulle-53740-53780\/","url":"https:\/\/ets-laparole.africa\/product\/k7-niveau-a-bulle-53740-53780\/","name":"K7-NIVEAU \u00c0 BULLE 53740-53780 - La Parole Sarl ( Word of God )","isPartOf":{"@id":"https:\/\/ets-laparole.africa\/#website"},"primaryImageOfPage":{"@id":"https:\/\/ets-laparole.africa\/product\/k7-niveau-a-bulle-53740-53780\/#primaryimage"},"image":{"@id":"https:\/\/ets-laparole.africa\/product\/k7-niveau-a-bulle-53740-53780\/#primaryimage"},"thumbnailUrl":"https:\/\/ets-laparole.africa\/wp-content\/uploads\/2025\/01\/K7-SPIRIT-LEVEL-53740-53780.jpg","datePublished":"2025-01-02T13:44:47+00:00","breadcrumb":{"@id":"https:\/\/ets-laparole.africa\/product\/k7-niveau-a-bulle-53740-53780\/#breadcrumb"},"inLanguage":"en-US","potentialAction":[{"@type":"ReadAction","target":["https:\/\/ets-laparole.africa\/product\/k7-niveau-a-bulle-53740-53780\/"]}]},{"@type":"ImageObject","inLanguage":"en-US","@id":"https:\/\/ets-laparole.africa\/product\/k7-niveau-a-bulle-53740-53780\/#primaryimage","url":"https:\/\/ets-laparole.africa\/wp-content\/uploads\/2025\/01\/K7-SPIRIT-LEVEL-53740-53780.jpg","contentUrl":"https:\/\/ets-laparole.africa\/wp-content\/uploads\/2025\/01\/K7-SPIRIT-LEVEL-53740-53780.jpg","width":800,"height":800},{"@type":"BreadcrumbList","@id":"https:\/\/ets-laparole.africa\/product\/k7-niveau-a-bulle-53740-53780\/#breadcrumb","itemListElement":[{"@type":"ListItem","position":1,"name":"Accueil","item":"https:\/\/ets-laparole.africa\/"},{"@type":"ListItem","position":2,"name":"NOS PRODUITS","item":"https:\/\/ets-laparole.africa\/nos-produits\/"},{"@type":"ListItem","position":3,"name":"K7-NIVEAU \u00c0 BULLE 53740-53780"}]},{"@type":"WebSite","@id":"https:\/\/ets-laparole.africa\/#website","url":"https:\/\/ets-laparole.africa\/","name":"La Parole Sarl ( Word of God )","description":"Vente des  Mat\u00e9riaux de construction \u00e9lectricit\u00e9-B\u00e2timent-industriel","publisher":{"@id":"https:\/\/ets-laparole.africa\/#organization"},"potentialAction":[{"@type":"SearchAction","target":{"@type":"EntryPoint","urlTemplate":"https:\/\/ets-laparole.africa\/?s={search_term_string}"},"query-input":{"@type":"PropertyValueSpecification","valueRequired":true,"valueName":"search_term_string"}}],"inLanguage":"en-US"},{"@type":"Organization","@id":"https:\/\/ets-laparole.africa\/#organization","name":"La Parole Sarl ( Word of God )","url":"https:\/\/ets-laparole.africa\/","logo":{"@type":"ImageObject","inLanguage":"en-US","@id":"https:\/\/ets-laparole.africa\/#\/schema\/logo\/image\/","url":"https:\/\/ets-laparole.africa\/wp-content\/uploads\/2025\/11\/Nouveau-projet-21.png","contentUrl":"https:\/\/ets-laparole.africa\/wp-content\/uploads\/2025\/11\/Nouveau-projet-21.png","width":500,"height":500,"caption":"La Parole Sarl ( Word of God )"},"image":{"@id":"https:\/\/ets-laparole.africa\/#\/schema\/logo\/image\/"},"sameAs":["https:\/\/www.facebook.com\/profile.php?id=100063522578687","https:\/\/www.tiktok.com\/@laparole.electrique"]}]}},"jetpack_sharing_enabled":true,"_links":{"self":[{"href":"https:\/\/ets-laparole.africa\/en\/wp-json\/wp\/v2\/product\/1648","targetHints":{"allow":["GET"]}}],"collection":[{"href":"https:\/\/ets-laparole.africa\/en\/wp-json\/wp\/v2\/product"}],"about":[{"href":"https:\/\/ets-laparole.africa\/en\/wp-json\/wp\/v2\/types\/product"}],"replies":[{"embeddable":true,"href":"https:\/\/ets-laparole.africa\/en\/wp-json\/wp\/v2\/comments?post=1648"}],"wp:featuredmedia":[{"embeddable":true,"href":"https:\/\/ets-laparole.africa\/en\/wp-json\/wp\/v2\/media\/1649"}],"wp:attachment":[{"href":"https:\/\/ets-laparole.africa\/en\/wp-json\/wp\/v2\/media?parent=1648"}],"wp:term":[{"taxonomy":"product_brand","embeddable":true,"href":"https:\/\/ets-laparole.africa\/en\/wp-json\/wp\/v2\/product_brand?post=1648"},{"taxonomy":"product_cat","embeddable":true,"href":"https:\/\/ets-laparole.africa\/en\/wp-json\/wp\/v2\/product_cat?post=1648"},{"taxonomy":"product_tag","embeddable":true,"href":"https:\/\/ets-laparole.africa\/en\/wp-json\/wp\/v2\/product_tag?post=1648"}],"curies":[{"name":"wp","href":"https:\/\/api.w.org\/{rel}","templated":true}]}}